{"id":806,"date":"2021-09-20T11:27:40","date_gmt":"2021-09-20T16:27:40","guid":{"rendered":"https:\/\/redinfanciasfio.org\/?page_id=806"},"modified":"2021-09-21T13:18:32","modified_gmt":"2021-09-21T18:18:32","slug":"sentencias","status":"publish","type":"page","link":"https:\/\/redinfanciasfio.org\/index.php\/sentencias\/","title":{"rendered":"Sentencias"},"content":{"rendered":"\t\t<div data-elementor-type=\"wp-page\" data-elementor-id=\"806\" class=\"elementor elementor-806\">\n\t\t\t\t\t\t<section class=\"elementor-section elementor-top-section elementor-element elementor-element-99aa6e9 elementor-section-boxed elementor-section-height-default elementor-section-height-default elementor-invisible\" data-id=\"99aa6e9\" data-element_type=\"section\" data-e-type=\"section\" data-settings=\"{&quot;animation&quot;:&quot;fadeInDown&quot;}\">\n\t\t\t\t\t\t<div class=\"elementor-container elementor-column-gap-default\">\n\t\t\t\t\t<div class=\"elementor-column elementor-col-100 elementor-top-column elementor-element elementor-element-132b7bb\" data-id=\"132b7bb\" data-element_type=\"column\" data-e-type=\"column\">\n\t\t\t<div class=\"elementor-widget-wrap elementor-element-populated\">\n\t\t\t\t\t\t<div class=\"elementor-element elementor-element-626607d elementor-widget elementor-widget-text-editor\" data-id=\"626607d\" data-element_type=\"widget\" data-e-type=\"widget\" data-widget_type=\"text-editor.default\">\n\t\t\t\t<div class=\"elementor-widget-container\">\n\t\t\t\t\t\t\t\t\t<h1><span style=\"color: #feb01e;\"><img decoding=\"async\" class=\"wp-image-698 alignleft\" src=\"http:\/\/redinfanciasfio.org\/wp-content\/uploads\/2021\/09\/icono_menu_marco_ama-150x150.png\" alt=\"\" width=\"50\" height=\"50\" srcset=\"https:\/\/redinfanciasfio.org\/wp-content\/uploads\/2021\/09\/icono_menu_marco_ama-150x150.png 150w, https:\/\/redinfanciasfio.org\/wp-content\/uploads\/2021\/09\/icono_menu_marco_ama.png 292w\" sizes=\"(max-width: 50px) 100vw, 50px\" \/><\/span><\/h1><h2><span style=\"color: #feb01e;\">Sentencias<\/span><\/h2>\t\t\t\t\t\t\t\t<\/div>\n\t\t\t\t<\/div>\n\t\t\t\t\t<\/div>\n\t\t<\/div>\n\t\t\t\t\t<\/div>\n\t\t<\/section>\n\t\t\t\t<section class=\"elementor-section elementor-top-section elementor-element elementor-element-66d7cc5 elementor-section-boxed elementor-section-height-default elementor-section-height-default\" data-id=\"66d7cc5\" data-element_type=\"section\" data-e-type=\"section\">\n\t\t\t\t\t\t<div class=\"elementor-container elementor-column-gap-default\">\n\t\t\t\t\t<div class=\"elementor-column elementor-col-100 elementor-top-column elementor-element elementor-element-4bbd9f0\" data-id=\"4bbd9f0\" data-element_type=\"column\" data-e-type=\"column\">\n\t\t\t<div class=\"elementor-widget-wrap elementor-element-populated\">\n\t\t\t\t\t\t<div class=\"elementor-element elementor-element-f55a0cc elementor-invisible elementor-widget elementor-widget-text-editor\" data-id=\"f55a0cc\" data-element_type=\"widget\" data-e-type=\"widget\" data-settings=\"{&quot;_animation&quot;:&quot;fadeInLeft&quot;}\" data-widget_type=\"text-editor.default\">\n\t\t\t\t<div class=\"elementor-widget-container\">\n\t\t\t\t\t\t\t\t\t<h3><span style=\"color: #feb01e;\">Sentencias de la Corte Interamericana de Derechos Humanos<\/span><\/h3><h5><span style=\"color: #feb01e;\">Sentencias a nivel regional<\/span><\/h5><p class=\"pjustificado\">Son aquellas resoluciones de cumplimiento obligatorio para los Estados de la regi\u00f3n americana sobre una controversia en la que se acreditaron violaciones a derechos humanos. La Corte IDH puede emitir sentencias sobre excepciones preliminares, de fondo, de reparaciones y de interpretaci\u00f3n de sentencias, as\u00ed como resoluciones sobre el cumplimiento de las sentencias.<\/p>\t\t\t\t\t\t\t\t<\/div>\n\t\t\t\t<\/div>\n\t\t\t\t<div class=\"elementor-element elementor-element-b0df56a elementor-widget elementor-widget-elementskit-accordion\" data-id=\"b0df56a\" data-element_type=\"widget\" data-e-type=\"widget\" data-widget_type=\"elementskit-accordion.default\">\n\t\t\t\t<div class=\"elementor-widget-container\">\n\t\t\t\t\t<div class=\"ekit-wid-con\" >\n        <div class=\"elementskit-accordion floating-style\" id=\"accordion-69de04f004b3c\">\n\n            \n                <div class=\"elementskit-card active\">\n                    <div class=\"elementskit-card-header\" id=\"primaryHeading-0-b0df56a\">\n                        <a href=\"#collapse-6d9abf269de04f004b3c\" class=\"ekit-accordion--toggler elementskit-btn-link collapsed\" data-ekit-toggle=\"collapse\" data-target=\"#Collapse-6d9abf269de04f004b3c\" aria-expanded=\"true\" aria-controls=\"Collapse-6d9abf269de04f004b3c\">\n                            \n                            <span class=\"ekit-accordion-title\">Ver m\u00e1s<\/span>\n\n                            \n                                <div class=\"ekit_accordion_icon_group\">\n                                    <div class=\"ekit_accordion_normal_icon\">\n                                        <!-- Normal Icon -->\n\t\t\t\t\t\t\t\t\t\t<i class=\"icon icon-down-arrow1\"><\/i>                                    <\/div>\n\n                                    <div class=\"ekit_accordion_active_icon\">\n                                        <!-- Active Icon -->\n\t\t\t\t\t\t\t\t\t\t<i class=\"icon icon-up-arrow\"><\/i>                                    <\/div>\n                                <\/div>\n\n                            \n                                                    <\/a>\n                    <\/div>\n\n                    <div id=\"Collapse-6d9abf269de04f004b3c\" class=\" show collapse\" aria-labelledby=\"primaryHeading-0-b0df56a\" data-parent=\"#accordion-69de04f004b3c\">\n\n                        <div class=\"elementskit-card-body ekit-accordion--content\">\n                            <p><strong>Caso Rochac Hern\u00e1ndez y otros Vs. El Salvador. Fondo, Reparaciones y Costas. Sentencia de 14 de octubre de 2014.\u00a0<\/strong><\/p><p><a href=\"http:\/\/redinfanciasfio.org\/wp-content\/uploads\/2021\/09\/27_CASO_ROCHAC_HERNANDEZ_2014.pdf\" target=\"_blank\" rel=\"noopener\"><img decoding=\"async\" class=\"alignnone wp-image-925\" src=\"http:\/\/redinfanciasfio.org\/wp-content\/uploads\/2021\/09\/link.jpg\" alt=\"\" width=\"29\" height=\"29\" srcset=\"https:\/\/redinfanciasfio.org\/wp-content\/uploads\/2021\/09\/link.jpg 225w, https:\/\/redinfanciasfio.org\/wp-content\/uploads\/2021\/09\/link-150x150.jpg 150w\" sizes=\"(max-width: 29px) 100vw, 29px\" \/>Ver Documento<\/a><\/p><p><strong>Caso de personas dominicanas y haitianas expulsadas Vs. Rep\u00fablica Dominicana. Excepciones Preliminares, Fondo, Reparaciones y Costas. Sentencia de 28 de agosto de 2014.\u00a0<\/strong><\/p><p><a href=\"http:\/\/redinfanciasfio.org\/wp-content\/uploads\/2021\/09\/38_CASO_DE_PERSONAS_DOMINICANAS_Y_HAITIANAS_EXPULSADAS_2014.pdf\" target=\"_blank\" rel=\"noopener\"><img decoding=\"async\" class=\"alignnone wp-image-925\" src=\"http:\/\/redinfanciasfio.org\/wp-content\/uploads\/2021\/09\/link.jpg\" alt=\"\" width=\"29\" height=\"29\" srcset=\"https:\/\/redinfanciasfio.org\/wp-content\/uploads\/2021\/09\/link.jpg 225w, https:\/\/redinfanciasfio.org\/wp-content\/uploads\/2021\/09\/link-150x150.jpg 150w\" sizes=\"(max-width: 29px) 100vw, 29px\" \/>Ver Documento<\/a><\/p><p><strong>Caso Hermanos Landaeta Mej\u00edas y otros Vs. Venezuela. Excepciones Preliminares, Fondo, Reparaciones y Costas. Sentencia de 27 de agosto de 2014.<\/strong><\/p><p><a href=\"http:\/\/redinfanciasfio.org\/wp-content\/uploads\/2021\/09\/29_CASO_HERMANOS_LANDAETA_MEJIAS_2014.pdf\" target=\"_blank\" rel=\"noopener\"><img decoding=\"async\" class=\"alignnone wp-image-925\" src=\"http:\/\/redinfanciasfio.org\/wp-content\/uploads\/2021\/09\/link.jpg\" alt=\"\" width=\"29\" height=\"29\" srcset=\"https:\/\/redinfanciasfio.org\/wp-content\/uploads\/2021\/09\/link.jpg 225w, https:\/\/redinfanciasfio.org\/wp-content\/uploads\/2021\/09\/link-150x150.jpg 150w\" sizes=\"(max-width: 29px) 100vw, 29px\" \/>Ver Documento<\/a><\/p><p><strong>Caso Veliz Franco y otros Vs. Guatemala. Excepciones Preliminares, Fondo, Reparaciones y Costas. Sentencia de 19 de mayo de 2014.<\/strong><\/p><p><a href=\"http:\/\/redinfanciasfio.org\/wp-content\/uploads\/2021\/09\/25_CASO_VELIZ_FRANCO_Y_OTROS_2014.pdf\" target=\"_blank\" rel=\"noopener\"><img decoding=\"async\" class=\"alignnone wp-image-925\" src=\"http:\/\/redinfanciasfio.org\/wp-content\/uploads\/2021\/09\/link.jpg\" alt=\"\" width=\"29\" height=\"29\" srcset=\"https:\/\/redinfanciasfio.org\/wp-content\/uploads\/2021\/09\/link.jpg 225w, https:\/\/redinfanciasfio.org\/wp-content\/uploads\/2021\/09\/link-150x150.jpg 150w\" sizes=\"(max-width: 29px) 100vw, 29px\" \/>Ver Documento<\/a><\/p>                        <\/div>\n\n                    <\/div>\n\n                <\/div><!-- .elementskit-card END -->\n\n                                        <\/div>\n    <\/div>\t\t\t\t<\/div>\n\t\t\t\t<\/div>\n\t\t\t\t\t<\/div>\n\t\t<\/div>\n\t\t\t\t\t<\/div>\n\t\t<\/section>\n\t\t\t\t<section class=\"elementor-section elementor-top-section elementor-element elementor-element-ee95f86 elementor-section-boxed elementor-section-height-default elementor-section-height-default\" data-id=\"ee95f86\" data-element_type=\"section\" data-e-type=\"section\">\n\t\t\t\t\t\t<div class=\"elementor-container elementor-column-gap-default\">\n\t\t\t\t\t<div class=\"elementor-column elementor-col-100 elementor-top-column elementor-element elementor-element-d6c22a3\" data-id=\"d6c22a3\" data-element_type=\"column\" data-e-type=\"column\">\n\t\t\t<div class=\"elementor-widget-wrap elementor-element-populated\">\n\t\t\t\t\t\t<div class=\"elementor-element elementor-element-b210ff1 elementor-invisible elementor-widget elementor-widget-text-editor\" data-id=\"b210ff1\" data-element_type=\"widget\" data-e-type=\"widget\" data-settings=\"{&quot;_animation&quot;:&quot;fadeInLeft&quot;}\" data-widget_type=\"text-editor.default\">\n\t\t\t\t<div class=\"elementor-widget-container\">\n\t\t\t\t\t\t\t\t\t<h3><span style=\"color: #feb01e;\">Convenciones<\/span><\/h3><p class=\"pjustificado\">Son consideradas como sin\u00f3nimo de tratado o convenio. Designan acuerdos multilaterales que contemplan una larga lista de derechos humanos que debe ser adoptada a nivel mundial o regional y est\u00e1n abiertos a la participaci\u00f3n de un gran n\u00famero de Estados, generalmente son auspiciados por organizaciones internacionales.<\/p>\t\t\t\t\t\t\t\t<\/div>\n\t\t\t\t<\/div>\n\t\t\t\t\t<\/div>\n\t\t<\/div>\n\t\t\t\t\t<\/div>\n\t\t<\/section>\n\t\t\t\t<section class=\"elementor-section elementor-top-section elementor-element elementor-element-25438c7 elementor-section-boxed elementor-section-height-default elementor-section-height-default\" data-id=\"25438c7\" data-element_type=\"section\" data-e-type=\"section\">\n\t\t\t\t\t\t<div class=\"elementor-container elementor-column-gap-default\">\n\t\t\t\t\t<div class=\"elementor-column elementor-col-100 elementor-top-column elementor-element elementor-element-7fc7672\" data-id=\"7fc7672\" data-element_type=\"column\" data-e-type=\"column\">\n\t\t\t<div class=\"elementor-widget-wrap\">\n\t\t\t\t\t\t\t<\/div>\n\t\t<\/div>\n\t\t\t\t\t<\/div>\n\t\t<\/section>\n\t\t\t\t<\/div>\n\t\t","protected":false},"excerpt":{"rendered":"<p>Sentencias Sentencias de la Corte Interamericana de Derechos Humanos Sentencias a nivel regional Son aquellas resoluciones de cumplimiento obligatorio para los Estados de la regi\u00f3n americana sobre una controversia en la que se acreditaron violaciones a derechos humanos. La Corte IDH puede emitir sentencias sobre excepciones preliminares, de fondo, de reparaciones y de interpretaci\u00f3n de [&hellip;]<\/p>\n","protected":false},"author":2,"featured_media":0,"parent":0,"menu_order":0,"comment_status":"closed","ping_status":"closed","template":"","meta":{"footnotes":""},"class_list":["post-806","page","type-page","status-publish","hentry"],"yoast_head":"<!-- This site is optimized with the Yoast SEO plugin v23.7 - https:\/\/yoast.com\/wordpress\/plugins\/seo\/ -->\n<title>Sentencias - redinfanciasfio<\/title>\n<meta name=\"robots\" content=\"index, follow, max-snippet:-1, max-image-preview:large, max-video-preview:-1\" \/>\n<link rel=\"canonical\" href=\"https:\/\/redinfanciasfio.org\/index.php\/sentencias\/\" \/>\n<meta property=\"og:locale\" content=\"es_MX\" \/>\n<meta property=\"og:type\" content=\"article\" \/>\n<meta property=\"og:title\" content=\"Sentencias - redinfanciasfio\" \/>\n<meta property=\"og:description\" content=\"Sentencias Sentencias de la Corte Interamericana de Derechos Humanos Sentencias a nivel regional Son aquellas resoluciones de cumplimiento obligatorio para los Estados de la regi\u00f3n americana sobre una controversia en la que se acreditaron violaciones a derechos humanos. La Corte IDH puede emitir sentencias sobre excepciones preliminares, de fondo, de reparaciones y de interpretaci\u00f3n de [&hellip;]\" \/>\n<meta property=\"og:url\" content=\"https:\/\/redinfanciasfio.org\/index.php\/sentencias\/\" \/>\n<meta property=\"og:site_name\" content=\"redinfanciasfio\" \/>\n<meta property=\"article:modified_time\" content=\"2021-09-21T18:18:32+00:00\" \/>\n<meta property=\"og:image\" content=\"http:\/\/redinfanciasfio.org\/wp-content\/uploads\/2021\/09\/icono_menu_marco_ama-150x150.png\" \/>\n<meta name=\"twitter:card\" content=\"summary_large_image\" \/>\n<meta name=\"twitter:label1\" content=\"Tiempo de lectura\" \/>\n\t<meta name=\"twitter:data1\" content=\"1 minuto\" \/>\n<script type=\"application\/ld+json\" class=\"yoast-schema-graph\">{\"@context\":\"https:\/\/schema.org\",\"@graph\":[{\"@type\":\"WebPage\",\"@id\":\"https:\/\/redinfanciasfio.org\/index.php\/sentencias\/\",\"url\":\"https:\/\/redinfanciasfio.org\/index.php\/sentencias\/\",\"name\":\"Sentencias - redinfanciasfio\",\"isPartOf\":{\"@id\":\"https:\/\/redinfanciasfio.org\/#website\"},\"primaryImageOfPage\":{\"@id\":\"https:\/\/redinfanciasfio.org\/index.php\/sentencias\/#primaryimage\"},\"image\":{\"@id\":\"https:\/\/redinfanciasfio.org\/index.php\/sentencias\/#primaryimage\"},\"thumbnailUrl\":\"http:\/\/redinfanciasfio.org\/wp-content\/uploads\/2021\/09\/icono_menu_marco_ama-150x150.png\",\"datePublished\":\"2021-09-20T16:27:40+00:00\",\"dateModified\":\"2021-09-21T18:18:32+00:00\",\"breadcrumb\":{\"@id\":\"https:\/\/redinfanciasfio.org\/index.php\/sentencias\/#breadcrumb\"},\"inLanguage\":\"es\",\"potentialAction\":[{\"@type\":\"ReadAction\",\"target\":[\"https:\/\/redinfanciasfio.org\/index.php\/sentencias\/\"]}]},{\"@type\":\"ImageObject\",\"inLanguage\":\"es\",\"@id\":\"https:\/\/redinfanciasfio.org\/index.php\/sentencias\/#primaryimage\",\"url\":\"http:\/\/redinfanciasfio.org\/wp-content\/uploads\/2021\/09\/icono_menu_marco_ama-150x150.png\",\"contentUrl\":\"http:\/\/redinfanciasfio.org\/wp-content\/uploads\/2021\/09\/icono_menu_marco_ama-150x150.png\"},{\"@type\":\"BreadcrumbList\",\"@id\":\"https:\/\/redinfanciasfio.org\/index.php\/sentencias\/#breadcrumb\",\"itemListElement\":[{\"@type\":\"ListItem\",\"position\":1,\"name\":\"Inicio\",\"item\":\"https:\/\/redinfanciasfio.org\/\"},{\"@type\":\"ListItem\",\"position\":2,\"name\":\"Sentencias\"}]},{\"@type\":\"WebSite\",\"@id\":\"https:\/\/redinfanciasfio.org\/#website\",\"url\":\"https:\/\/redinfanciasfio.org\/\",\"name\":\"red infancias fio\",\"description\":\"Red de Ni\u00f1ez y Adolescencia\",\"publisher\":{\"@id\":\"https:\/\/redinfanciasfio.org\/#organization\"},\"potentialAction\":[{\"@type\":\"SearchAction\",\"target\":{\"@type\":\"EntryPoint\",\"urlTemplate\":\"https:\/\/redinfanciasfio.org\/?s={search_term_string}\"},\"query-input\":{\"@type\":\"PropertyValueSpecification\",\"valueRequired\":true,\"valueName\":\"search_term_string\"}}],\"inLanguage\":\"es\"},{\"@type\":\"Organization\",\"@id\":\"https:\/\/redinfanciasfio.org\/#organization\",\"name\":\"Red Ni\u00f1ez y Adolescencias de la Federaci\u00f3n Iberoamericana del Ombudsman\",\"url\":\"https:\/\/redinfanciasfio.org\/\",\"logo\":{\"@type\":\"ImageObject\",\"inLanguage\":\"es\",\"@id\":\"https:\/\/redinfanciasfio.org\/#\/schema\/logo\/image\/\",\"url\":\"https:\/\/redinfanciasfio.org\/wp-content\/uploads\/2023\/06\/cropped-logo-wordpress.jpg\",\"contentUrl\":\"https:\/\/redinfanciasfio.org\/wp-content\/uploads\/2023\/06\/cropped-logo-wordpress.jpg\",\"width\":300,\"height\":199,\"caption\":\"Red Ni\u00f1ez y Adolescencias de la Federaci\u00f3n Iberoamericana del Ombudsman\"},\"image\":{\"@id\":\"https:\/\/redinfanciasfio.org\/#\/schema\/logo\/image\/\"}}]}<\/script>\n<!-- \/ Yoast SEO plugin. -->","yoast_head_json":{"title":"Sentencias - redinfanciasfio","robots":{"index":"index","follow":"follow","max-snippet":"max-snippet:-1","max-image-preview":"max-image-preview:large","max-video-preview":"max-video-preview:-1"},"canonical":"https:\/\/redinfanciasfio.org\/index.php\/sentencias\/","og_locale":"es_MX","og_type":"article","og_title":"Sentencias - redinfanciasfio","og_description":"Sentencias Sentencias de la Corte Interamericana de Derechos Humanos Sentencias a nivel regional Son aquellas resoluciones de cumplimiento obligatorio para los Estados de la regi\u00f3n americana sobre una controversia en la que se acreditaron violaciones a derechos humanos. La Corte IDH puede emitir sentencias sobre excepciones preliminares, de fondo, de reparaciones y de interpretaci\u00f3n de [&hellip;]","og_url":"https:\/\/redinfanciasfio.org\/index.php\/sentencias\/","og_site_name":"redinfanciasfio","article_modified_time":"2021-09-21T18:18:32+00:00","og_image":[{"url":"http:\/\/redinfanciasfio.org\/wp-content\/uploads\/2021\/09\/icono_menu_marco_ama-150x150.png"}],"twitter_card":"summary_large_image","twitter_misc":{"Tiempo de lectura":"1 minuto"},"schema":{"@context":"https:\/\/schema.org","@graph":[{"@type":"WebPage","@id":"https:\/\/redinfanciasfio.org\/index.php\/sentencias\/","url":"https:\/\/redinfanciasfio.org\/index.php\/sentencias\/","name":"Sentencias - redinfanciasfio","isPartOf":{"@id":"https:\/\/redinfanciasfio.org\/#website"},"primaryImageOfPage":{"@id":"https:\/\/redinfanciasfio.org\/index.php\/sentencias\/#primaryimage"},"image":{"@id":"https:\/\/redinfanciasfio.org\/index.php\/sentencias\/#primaryimage"},"thumbnailUrl":"http:\/\/redinfanciasfio.org\/wp-content\/uploads\/2021\/09\/icono_menu_marco_ama-150x150.png","datePublished":"2021-09-20T16:27:40+00:00","dateModified":"2021-09-21T18:18:32+00:00","breadcrumb":{"@id":"https:\/\/redinfanciasfio.org\/index.php\/sentencias\/#breadcrumb"},"inLanguage":"es","potentialAction":[{"@type":"ReadAction","target":["https:\/\/redinfanciasfio.org\/index.php\/sentencias\/"]}]},{"@type":"ImageObject","inLanguage":"es","@id":"https:\/\/redinfanciasfio.org\/index.php\/sentencias\/#primaryimage","url":"http:\/\/redinfanciasfio.org\/wp-content\/uploads\/2021\/09\/icono_menu_marco_ama-150x150.png","contentUrl":"http:\/\/redinfanciasfio.org\/wp-content\/uploads\/2021\/09\/icono_menu_marco_ama-150x150.png"},{"@type":"BreadcrumbList","@id":"https:\/\/redinfanciasfio.org\/index.php\/sentencias\/#breadcrumb","itemListElement":[{"@type":"ListItem","position":1,"name":"Inicio","item":"https:\/\/redinfanciasfio.org\/"},{"@type":"ListItem","position":2,"name":"Sentencias"}]},{"@type":"WebSite","@id":"https:\/\/redinfanciasfio.org\/#website","url":"https:\/\/redinfanciasfio.org\/","name":"red infancias fio","description":"Red de Ni\u00f1ez y Adolescencia","publisher":{"@id":"https:\/\/redinfanciasfio.org\/#organization"},"potentialAction":[{"@type":"SearchAction","target":{"@type":"EntryPoint","urlTemplate":"https:\/\/redinfanciasfio.org\/?s={search_term_string}"},"query-input":{"@type":"PropertyValueSpecification","valueRequired":true,"valueName":"search_term_string"}}],"inLanguage":"es"},{"@type":"Organization","@id":"https:\/\/redinfanciasfio.org\/#organization","name":"Red Ni\u00f1ez y Adolescencias de la Federaci\u00f3n Iberoamericana del Ombudsman","url":"https:\/\/redinfanciasfio.org\/","logo":{"@type":"ImageObject","inLanguage":"es","@id":"https:\/\/redinfanciasfio.org\/#\/schema\/logo\/image\/","url":"https:\/\/redinfanciasfio.org\/wp-content\/uploads\/2023\/06\/cropped-logo-wordpress.jpg","contentUrl":"https:\/\/redinfanciasfio.org\/wp-content\/uploads\/2023\/06\/cropped-logo-wordpress.jpg","width":300,"height":199,"caption":"Red Ni\u00f1ez y Adolescencias de la Federaci\u00f3n Iberoamericana del Ombudsman"},"image":{"@id":"https:\/\/redinfanciasfio.org\/#\/schema\/logo\/image\/"}}]}},"_links":{"self":[{"href":"https:\/\/redinfanciasfio.org\/index.php\/wp-json\/wp\/v2\/pages\/806","targetHints":{"allow":["GET"]}}],"collection":[{"href":"https:\/\/redinfanciasfio.org\/index.php\/wp-json\/wp\/v2\/pages"}],"about":[{"href":"https:\/\/redinfanciasfio.org\/index.php\/wp-json\/wp\/v2\/types\/page"}],"author":[{"embeddable":true,"href":"https:\/\/redinfanciasfio.org\/index.php\/wp-json\/wp\/v2\/users\/2"}],"replies":[{"embeddable":true,"href":"https:\/\/redinfanciasfio.org\/index.php\/wp-json\/wp\/v2\/comments?post=806"}],"version-history":[{"count":32,"href":"https:\/\/redinfanciasfio.org\/index.php\/wp-json\/wp\/v2\/pages\/806\/revisions"}],"predecessor-version":[{"id":1029,"href":"https:\/\/redinfanciasfio.org\/index.php\/wp-json\/wp\/v2\/pages\/806\/revisions\/1029"}],"wp:attachment":[{"href":"https:\/\/redinfanciasfio.org\/index.php\/wp-json\/wp\/v2\/media?parent=806"}],"curies":[{"name":"wp","href":"https:\/\/api.w.org\/{rel}","templated":true}]}}