{"id":363,"date":"2021-09-09T14:09:56","date_gmt":"2021-09-09T19:09:56","guid":{"rendered":"https:\/\/redinfanciasfio.org\/?page_id=363"},"modified":"2021-09-09T16:36:30","modified_gmt":"2021-09-09T21:36:30","slug":"declaraciones","status":"publish","type":"page","link":"https:\/\/redinfanciasfio.org\/index.php\/declaraciones\/","title":{"rendered":"Declaraciones"},"content":{"rendered":"\t\t<div data-elementor-type=\"wp-page\" data-elementor-id=\"363\" class=\"elementor elementor-363\">\n\t\t\t\t\t\t<section class=\"elementor-section elementor-top-section elementor-element elementor-element-f1b67eb elementor-section-full_width elementor-section-height-default elementor-section-height-default elementor-invisible\" data-id=\"f1b67eb\" data-element_type=\"section\" data-e-type=\"section\" data-settings=\"{&quot;animation&quot;:&quot;fadeInUp&quot;}\">\n\t\t\t\t\t\t<div class=\"elementor-container elementor-column-gap-default\">\n\t\t\t\t\t<div class=\"elementor-column elementor-col-100 elementor-top-column elementor-element elementor-element-cbce9c0\" data-id=\"cbce9c0\" data-element_type=\"column\" data-e-type=\"column\">\n\t\t\t<div class=\"elementor-widget-wrap elementor-element-populated\">\n\t\t\t\t\t\t<section class=\"elementor-section elementor-inner-section elementor-element elementor-element-a41f9bc elementor-section-boxed elementor-section-height-default elementor-section-height-default\" data-id=\"a41f9bc\" data-element_type=\"section\" data-e-type=\"section\">\n\t\t\t\t\t\t<div class=\"elementor-container elementor-column-gap-default\">\n\t\t\t\t\t<div class=\"elementor-column elementor-col-100 elementor-inner-column elementor-element elementor-element-16d7c47\" data-id=\"16d7c47\" data-element_type=\"column\" data-e-type=\"column\">\n\t\t\t<div class=\"elementor-widget-wrap elementor-element-populated\">\n\t\t\t\t\t\t<div class=\"elementor-element elementor-element-73dde8f elementor-invisible elementor-widget elementor-widget-heading\" data-id=\"73dde8f\" data-element_type=\"widget\" data-e-type=\"widget\" data-settings=\"{&quot;_animation&quot;:&quot;fadeInDown&quot;}\" data-widget_type=\"heading.default\">\n\t\t\t\t<div class=\"elementor-widget-container\">\n\t\t\t\t\t<h2 class=\"elementor-heading-title elementor-size-default\">Declaraciones<\/h2>\t\t\t\t<\/div>\n\t\t\t\t<\/div>\n\t\t\t\t\t<\/div>\n\t\t<\/div>\n\t\t\t\t\t<\/div>\n\t\t<\/section>\n\t\t\t\t<section class=\"elementor-section elementor-inner-section elementor-element elementor-element-bfde603 elementor-section-boxed elementor-section-height-default elementor-section-height-default\" data-id=\"bfde603\" data-element_type=\"section\" data-e-type=\"section\">\n\t\t\t\t\t\t<div class=\"elementor-container elementor-column-gap-default\">\n\t\t\t\t\t<div class=\"elementor-column elementor-col-100 elementor-inner-column elementor-element elementor-element-e2a8900\" data-id=\"e2a8900\" data-element_type=\"column\" data-e-type=\"column\">\n\t\t\t<div class=\"elementor-widget-wrap elementor-element-populated\">\n\t\t\t\t\t\t<div class=\"elementor-element elementor-element-edcc22d elementor-icon-list--layout-traditional elementor-list-item-link-full_width elementor-widget elementor-widget-icon-list\" data-id=\"edcc22d\" data-element_type=\"widget\" data-e-type=\"widget\" data-widget_type=\"icon-list.default\">\n\t\t\t\t<div class=\"elementor-widget-container\">\n\t\t\t\t\t\t\t<ul class=\"elementor-icon-list-items\">\n\t\t\t\t\t\t\t<li class=\"elementor-icon-list-item\">\n\t\t\t\t\t\t\t\t\t\t\t<a href=\"http:\/\/redinfanciasfio.org\/wp-content\/uploads\/2021\/09\/FIO_Declaracion-de-Andorra.pdf\" target=\"_blank\">\n\n\t\t\t\t\t\t\t\t\t\t\t\t<span class=\"elementor-icon-list-icon\">\n\t\t\t\t\t\t\t<i aria-hidden=\"true\" class=\"icon icon-document\"><\/i>\t\t\t\t\t\t<\/span>\n\t\t\t\t\t\t\t\t\t\t<span class=\"elementor-icon-list-text\">Declaraci\u00f3n de Andorra, 2019<\/span>\n\t\t\t\t\t\t\t\t\t\t\t<\/a>\n\t\t\t\t\t\t\t\t\t<\/li>\n\t\t\t\t\t\t\t\t<li class=\"elementor-icon-list-item\">\n\t\t\t\t\t\t\t\t\t\t\t<a href=\"http:\/\/redinfanciasfio.org\/wp-content\/uploads\/2021\/09\/FIO_Declaracion-RIO-FIO-30-anos-CDN.pdf\" target=\"_blank\">\n\n\t\t\t\t\t\t\t\t\t\t\t\t<span class=\"elementor-icon-list-icon\">\n\t\t\t\t\t\t\t<i aria-hidden=\"true\" class=\"icon icon-document\"><\/i>\t\t\t\t\t\t<\/span>\n\t\t\t\t\t\t\t\t\t\t<span class=\"elementor-icon-list-text\">Declaraci\u00f3n de R\u00edo,  2019<\/span>\n\t\t\t\t\t\t\t\t\t\t\t<\/a>\n\t\t\t\t\t\t\t\t\t<\/li>\n\t\t\t\t\t\t\t\t<li class=\"elementor-icon-list-item\">\n\t\t\t\t\t\t\t\t\t\t\t<a href=\"http:\/\/redinfanciasfio.org\/wp-content\/uploads\/2021\/09\/FIO_Declaracion_Educacion.pdf\" target=\"_blank\">\n\n\t\t\t\t\t\t\t\t\t\t\t\t<span class=\"elementor-icon-list-icon\">\n\t\t\t\t\t\t\t<i aria-hidden=\"true\" class=\"icon icon-document\"><\/i>\t\t\t\t\t\t<\/span>\n\t\t\t\t\t\t\t\t\t\t<span class=\"elementor-icon-list-text\">Declaraci\u00f3n de Educaci\u00f3n, 2020<\/span>\n\t\t\t\t\t\t\t\t\t\t\t<\/a>\n\t\t\t\t\t\t\t\t\t<\/li>\n\t\t\t\t\t\t\t\t<li class=\"elementor-icon-list-item\">\n\t\t\t\t\t\t\t\t\t\t\t<a href=\"http:\/\/redinfanciasfio.org\/wp-content\/uploads\/2021\/09\/Red-FIO-Acta-X-Sesion-Lima-Sep-2016.pdf\" target=\"_blank\">\n\n\t\t\t\t\t\t\t\t\t\t\t\t<span class=\"elementor-icon-list-icon\">\n\t\t\t\t\t\t\t<i aria-hidden=\"true\" class=\"icon icon-document\"><\/i>\t\t\t\t\t\t<\/span>\n\t\t\t\t\t\t\t\t\t\t<span class=\"elementor-icon-list-text\">Acta Sesi\u00f3n Lima,  2016<\/span>\n\t\t\t\t\t\t\t\t\t\t\t<\/a>\n\t\t\t\t\t\t\t\t\t<\/li>\n\t\t\t\t\t\t\t\t<li class=\"elementor-icon-list-item\">\n\t\t\t\t\t\t\t\t\t\t\t<a href=\"http:\/\/redinfanciasfio.org\/wp-content\/uploads\/2021\/09\/Red-FIO-Acta-XI-Sesion-Tenerife-Nov-2016.pdf\" target=\"_blank\">\n\n\t\t\t\t\t\t\t\t\t\t\t\t<span class=\"elementor-icon-list-icon\">\n\t\t\t\t\t\t\t<i aria-hidden=\"true\" class=\"icon icon-document\"><\/i>\t\t\t\t\t\t<\/span>\n\t\t\t\t\t\t\t\t\t\t<span class=\"elementor-icon-list-text\">Acta Sesi\u00f3n Tenerife,  2016<\/span>\n\t\t\t\t\t\t\t\t\t\t\t<\/a>\n\t\t\t\t\t\t\t\t\t<\/li>\n\t\t\t\t\t\t\t\t<li class=\"elementor-icon-list-item\">\n\t\t\t\t\t\t\t\t\t\t\t<a href=\"http:\/\/redinfanciasfio.org\/wp-content\/uploads\/2021\/09\/Red-FIO-Acta-XII-Sesion-Panama-Marzo-2018.pdf\" target=\"_blank\">\n\n\t\t\t\t\t\t\t\t\t\t\t\t<span class=\"elementor-icon-list-icon\">\n\t\t\t\t\t\t\t<i aria-hidden=\"true\" class=\"icon icon-document\"><\/i>\t\t\t\t\t\t<\/span>\n\t\t\t\t\t\t\t\t\t\t<span class=\"elementor-icon-list-text\">Acta Sesi\u00f3n Panam\u00e1,  2018<\/span>\n\t\t\t\t\t\t\t\t\t\t\t<\/a>\n\t\t\t\t\t\t\t\t\t<\/li>\n\t\t\t\t\t\t\t\t<li class=\"elementor-icon-list-item\">\n\t\t\t\t\t\t\t\t\t\t\t<a href=\"http:\/\/redinfanciasfio.org\/wp-content\/uploads\/2021\/09\/Red-FIO-Acta-XIII-Sesion-Andorra-Nov-2018.pdf\" target=\"_blank\">\n\n\t\t\t\t\t\t\t\t\t\t\t\t<span class=\"elementor-icon-list-icon\">\n\t\t\t\t\t\t\t<i aria-hidden=\"true\" class=\"icon icon-document\"><\/i>\t\t\t\t\t\t<\/span>\n\t\t\t\t\t\t\t\t\t\t<span class=\"elementor-icon-list-text\">Acta Sesi\u00f3n Andorra,  2018<\/span>\n\t\t\t\t\t\t\t\t\t\t\t<\/a>\n\t\t\t\t\t\t\t\t\t<\/li>\n\t\t\t\t\t\t\t\t<li class=\"elementor-icon-list-item\">\n\t\t\t\t\t\t\t\t\t\t\t<a href=\"http:\/\/redinfanciasfio.org\/wp-content\/uploads\/2021\/09\/Red-FIO-Acta-XIV-Sesion-Rio-2019.pdf\" target=\"_blank\">\n\n\t\t\t\t\t\t\t\t\t\t\t\t<span class=\"elementor-icon-list-icon\">\n\t\t\t\t\t\t\t<i aria-hidden=\"true\" class=\"icon icon-document\"><\/i>\t\t\t\t\t\t<\/span>\n\t\t\t\t\t\t\t\t\t\t<span class=\"elementor-icon-list-text\">Acta Sesi\u00f3n de R\u00edo,  2019<\/span>\n\t\t\t\t\t\t\t\t\t\t\t<\/a>\n\t\t\t\t\t\t\t\t\t<\/li>\n\t\t\t\t\t\t\t\t<li class=\"elementor-icon-list-item\">\n\t\t\t\t\t\t\t\t\t\t\t<a href=\"http:\/\/redinfanciasfio.org\/wp-content\/uploads\/2021\/09\/Red-FIO-Acta-XV-Sesion-Congreso-Virtual-2020.pdf\" target=\"_blank\">\n\n\t\t\t\t\t\t\t\t\t\t\t\t<span class=\"elementor-icon-list-icon\">\n\t\t\t\t\t\t\t<i aria-hidden=\"true\" class=\"icon icon-document\"><\/i>\t\t\t\t\t\t<\/span>\n\t\t\t\t\t\t\t\t\t\t<span class=\"elementor-icon-list-text\">Acta Sesi\u00f3n Congreso Virtual, 2020<\/span>\n\t\t\t\t\t\t\t\t\t\t\t<\/a>\n\t\t\t\t\t\t\t\t\t<\/li>\n\t\t\t\t\t\t<\/ul>\n\t\t\t\t\t\t<\/div>\n\t\t\t\t<\/div>\n\t\t\t\t\t<\/div>\n\t\t<\/div>\n\t\t\t\t\t<\/div>\n\t\t<\/section>\n\t\t\t\t\t<\/div>\n\t\t<\/div>\n\t\t\t\t\t<\/div>\n\t\t<\/section>\n\t\t\t\t<\/div>\n\t\t","protected":false},"excerpt":{"rendered":"<p>Declaraciones Declaraci\u00f3n de Andorra, 2019 Declaraci\u00f3n de R\u00edo, 2019 Declaraci\u00f3n de Educaci\u00f3n, 2020 Acta Sesi\u00f3n Lima, 2016 Acta Sesi\u00f3n Tenerife, 2016 Acta Sesi\u00f3n Panam\u00e1, 2018 Acta Sesi\u00f3n Andorra, 2018 Acta Sesi\u00f3n de R\u00edo, 2019 Acta Sesi\u00f3n Congreso Virtual, 2020<\/p>\n","protected":false},"author":2,"featured_media":0,"parent":0,"menu_order":0,"comment_status":"closed","ping_status":"closed","template":"","meta":{"footnotes":""},"class_list":["post-363","page","type-page","status-publish","hentry"],"yoast_head":"<!-- This site is optimized with the Yoast SEO plugin v23.7 - https:\/\/yoast.com\/wordpress\/plugins\/seo\/ -->\n<title>Declaraciones - redinfanciasfio<\/title>\n<meta name=\"robots\" content=\"index, follow, max-snippet:-1, max-image-preview:large, max-video-preview:-1\" \/>\n<link rel=\"canonical\" href=\"https:\/\/redinfanciasfio.org\/index.php\/declaraciones\/\" \/>\n<meta property=\"og:locale\" content=\"es_MX\" \/>\n<meta property=\"og:type\" content=\"article\" \/>\n<meta property=\"og:title\" content=\"Declaraciones - redinfanciasfio\" \/>\n<meta property=\"og:description\" content=\"Declaraciones Declaraci\u00f3n de Andorra, 2019 Declaraci\u00f3n de R\u00edo, 2019 Declaraci\u00f3n de Educaci\u00f3n, 2020 Acta Sesi\u00f3n Lima, 2016 Acta Sesi\u00f3n Tenerife, 2016 Acta Sesi\u00f3n Panam\u00e1, 2018 Acta Sesi\u00f3n Andorra, 2018 Acta Sesi\u00f3n de R\u00edo, 2019 Acta Sesi\u00f3n Congreso Virtual, 2020\" \/>\n<meta property=\"og:url\" content=\"https:\/\/redinfanciasfio.org\/index.php\/declaraciones\/\" \/>\n<meta property=\"og:site_name\" content=\"redinfanciasfio\" \/>\n<meta property=\"article:modified_time\" content=\"2021-09-09T21:36:30+00:00\" \/>\n<meta name=\"twitter:card\" content=\"summary_large_image\" \/>\n<script type=\"application\/ld+json\" class=\"yoast-schema-graph\">{\"@context\":\"https:\/\/schema.org\",\"@graph\":[{\"@type\":\"WebPage\",\"@id\":\"https:\/\/redinfanciasfio.org\/index.php\/declaraciones\/\",\"url\":\"https:\/\/redinfanciasfio.org\/index.php\/declaraciones\/\",\"name\":\"Declaraciones - redinfanciasfio\",\"isPartOf\":{\"@id\":\"https:\/\/redinfanciasfio.org\/#website\"},\"datePublished\":\"2021-09-09T19:09:56+00:00\",\"dateModified\":\"2021-09-09T21:36:30+00:00\",\"breadcrumb\":{\"@id\":\"https:\/\/redinfanciasfio.org\/index.php\/declaraciones\/#breadcrumb\"},\"inLanguage\":\"es\",\"potentialAction\":[{\"@type\":\"ReadAction\",\"target\":[\"https:\/\/redinfanciasfio.org\/index.php\/declaraciones\/\"]}]},{\"@type\":\"BreadcrumbList\",\"@id\":\"https:\/\/redinfanciasfio.org\/index.php\/declaraciones\/#breadcrumb\",\"itemListElement\":[{\"@type\":\"ListItem\",\"position\":1,\"name\":\"Inicio\",\"item\":\"https:\/\/redinfanciasfio.org\/\"},{\"@type\":\"ListItem\",\"position\":2,\"name\":\"Declaraciones\"}]},{\"@type\":\"WebSite\",\"@id\":\"https:\/\/redinfanciasfio.org\/#website\",\"url\":\"https:\/\/redinfanciasfio.org\/\",\"name\":\"red infancias fio\",\"description\":\"Red de Ni\u00f1ez y Adolescencia\",\"publisher\":{\"@id\":\"https:\/\/redinfanciasfio.org\/#organization\"},\"potentialAction\":[{\"@type\":\"SearchAction\",\"target\":{\"@type\":\"EntryPoint\",\"urlTemplate\":\"https:\/\/redinfanciasfio.org\/?s={search_term_string}\"},\"query-input\":{\"@type\":\"PropertyValueSpecification\",\"valueRequired\":true,\"valueName\":\"search_term_string\"}}],\"inLanguage\":\"es\"},{\"@type\":\"Organization\",\"@id\":\"https:\/\/redinfanciasfio.org\/#organization\",\"name\":\"Red Ni\u00f1ez y Adolescencias de la Federaci\u00f3n Iberoamericana del Ombudsman\",\"url\":\"https:\/\/redinfanciasfio.org\/\",\"logo\":{\"@type\":\"ImageObject\",\"inLanguage\":\"es\",\"@id\":\"https:\/\/redinfanciasfio.org\/#\/schema\/logo\/image\/\",\"url\":\"https:\/\/redinfanciasfio.org\/wp-content\/uploads\/2023\/06\/cropped-logo-wordpress.jpg\",\"contentUrl\":\"https:\/\/redinfanciasfio.org\/wp-content\/uploads\/2023\/06\/cropped-logo-wordpress.jpg\",\"width\":300,\"height\":199,\"caption\":\"Red Ni\u00f1ez y Adolescencias de la Federaci\u00f3n Iberoamericana del Ombudsman\"},\"image\":{\"@id\":\"https:\/\/redinfanciasfio.org\/#\/schema\/logo\/image\/\"}}]}<\/script>\n<!-- \/ Yoast SEO plugin. -->","yoast_head_json":{"title":"Declaraciones - redinfanciasfio","robots":{"index":"index","follow":"follow","max-snippet":"max-snippet:-1","max-image-preview":"max-image-preview:large","max-video-preview":"max-video-preview:-1"},"canonical":"https:\/\/redinfanciasfio.org\/index.php\/declaraciones\/","og_locale":"es_MX","og_type":"article","og_title":"Declaraciones - redinfanciasfio","og_description":"Declaraciones Declaraci\u00f3n de Andorra, 2019 Declaraci\u00f3n de R\u00edo, 2019 Declaraci\u00f3n de Educaci\u00f3n, 2020 Acta Sesi\u00f3n Lima, 2016 Acta Sesi\u00f3n Tenerife, 2016 Acta Sesi\u00f3n Panam\u00e1, 2018 Acta Sesi\u00f3n Andorra, 2018 Acta Sesi\u00f3n de R\u00edo, 2019 Acta Sesi\u00f3n Congreso Virtual, 2020","og_url":"https:\/\/redinfanciasfio.org\/index.php\/declaraciones\/","og_site_name":"redinfanciasfio","article_modified_time":"2021-09-09T21:36:30+00:00","twitter_card":"summary_large_image","schema":{"@context":"https:\/\/schema.org","@graph":[{"@type":"WebPage","@id":"https:\/\/redinfanciasfio.org\/index.php\/declaraciones\/","url":"https:\/\/redinfanciasfio.org\/index.php\/declaraciones\/","name":"Declaraciones - redinfanciasfio","isPartOf":{"@id":"https:\/\/redinfanciasfio.org\/#website"},"datePublished":"2021-09-09T19:09:56+00:00","dateModified":"2021-09-09T21:36:30+00:00","breadcrumb":{"@id":"https:\/\/redinfanciasfio.org\/index.php\/declaraciones\/#breadcrumb"},"inLanguage":"es","potentialAction":[{"@type":"ReadAction","target":["https:\/\/redinfanciasfio.org\/index.php\/declaraciones\/"]}]},{"@type":"BreadcrumbList","@id":"https:\/\/redinfanciasfio.org\/index.php\/declaraciones\/#breadcrumb","itemListElement":[{"@type":"ListItem","position":1,"name":"Inicio","item":"https:\/\/redinfanciasfio.org\/"},{"@type":"ListItem","position":2,"name":"Declaraciones"}]},{"@type":"WebSite","@id":"https:\/\/redinfanciasfio.org\/#website","url":"https:\/\/redinfanciasfio.org\/","name":"red infancias fio","description":"Red de Ni\u00f1ez y Adolescencia","publisher":{"@id":"https:\/\/redinfanciasfio.org\/#organization"},"potentialAction":[{"@type":"SearchAction","target":{"@type":"EntryPoint","urlTemplate":"https:\/\/redinfanciasfio.org\/?s={search_term_string}"},"query-input":{"@type":"PropertyValueSpecification","valueRequired":true,"valueName":"search_term_string"}}],"inLanguage":"es"},{"@type":"Organization","@id":"https:\/\/redinfanciasfio.org\/#organization","name":"Red Ni\u00f1ez y Adolescencias de la Federaci\u00f3n Iberoamericana del Ombudsman","url":"https:\/\/redinfanciasfio.org\/","logo":{"@type":"ImageObject","inLanguage":"es","@id":"https:\/\/redinfanciasfio.org\/#\/schema\/logo\/image\/","url":"https:\/\/redinfanciasfio.org\/wp-content\/uploads\/2023\/06\/cropped-logo-wordpress.jpg","contentUrl":"https:\/\/redinfanciasfio.org\/wp-content\/uploads\/2023\/06\/cropped-logo-wordpress.jpg","width":300,"height":199,"caption":"Red Ni\u00f1ez y Adolescencias de la Federaci\u00f3n Iberoamericana del Ombudsman"},"image":{"@id":"https:\/\/redinfanciasfio.org\/#\/schema\/logo\/image\/"}}]}},"_links":{"self":[{"href":"https:\/\/redinfanciasfio.org\/index.php\/wp-json\/wp\/v2\/pages\/363","targetHints":{"allow":["GET"]}}],"collection":[{"href":"https:\/\/redinfanciasfio.org\/index.php\/wp-json\/wp\/v2\/pages"}],"about":[{"href":"https:\/\/redinfanciasfio.org\/index.php\/wp-json\/wp\/v2\/types\/page"}],"author":[{"embeddable":true,"href":"https:\/\/redinfanciasfio.org\/index.php\/wp-json\/wp\/v2\/users\/2"}],"replies":[{"embeddable":true,"href":"https:\/\/redinfanciasfio.org\/index.php\/wp-json\/wp\/v2\/comments?post=363"}],"version-history":[{"count":16,"href":"https:\/\/redinfanciasfio.org\/index.php\/wp-json\/wp\/v2\/pages\/363\/revisions"}],"predecessor-version":[{"id":436,"href":"https:\/\/redinfanciasfio.org\/index.php\/wp-json\/wp\/v2\/pages\/363\/revisions\/436"}],"wp:attachment":[{"href":"https:\/\/redinfanciasfio.org\/index.php\/wp-json\/wp\/v2\/media?parent=363"}],"curies":[{"name":"wp","href":"https:\/\/api.w.org\/{rel}","templated":true}]}}