{"id":293,"date":"2021-09-09T11:52:17","date_gmt":"2021-09-09T16:52:17","guid":{"rendered":"https:\/\/redinfanciasfio.org\/?page_id=293"},"modified":"2026-01-09T08:35:07","modified_gmt":"2026-01-09T14:35:07","slug":"equipo-coordinador","status":"publish","type":"page","link":"https:\/\/redinfanciasfio.org\/index.php\/equipo-coordinador\/","title":{"rendered":"Equipo Coordinador"},"content":{"rendered":"\t\t<div data-elementor-type=\"wp-page\" data-elementor-id=\"293\" class=\"elementor elementor-293\">\n\t\t\t\t\t\t<section class=\"elementor-section elementor-top-section elementor-element elementor-element-d85588a elementor-section-boxed elementor-section-height-default elementor-section-height-default\" data-id=\"d85588a\" data-element_type=\"section\" data-e-type=\"section\">\n\t\t\t\t\t\t<div class=\"elementor-container elementor-column-gap-default\">\n\t\t\t\t\t<div class=\"elementor-column elementor-col-50 elementor-top-column elementor-element elementor-element-38b49c5\" data-id=\"38b49c5\" data-element_type=\"column\" data-e-type=\"column\">\n\t\t\t<div class=\"elementor-widget-wrap elementor-element-populated\">\n\t\t\t\t\t\t<div class=\"elementor-element elementor-element-98f89cc elementor-widget elementor-widget-image\" data-id=\"98f89cc\" data-element_type=\"widget\" data-e-type=\"widget\" data-widget_type=\"image.default\">\n\t\t\t\t<div class=\"elementor-widget-container\">\n\t\t\t\t\t\t\t\t\t\t\t\t\t\t\t<img decoding=\"async\" src=\"https:\/\/redinfanciasfio.org\/wp-content\/uploads\/2022\/11\/trabajo-en-equipo.png\" title=\"trabajo-en-equipo\" alt=\"trabajo-en-equipo\" loading=\"lazy\" \/>\t\t\t\t\t\t\t\t\t\t\t\t\t\t\t<\/div>\n\t\t\t\t<\/div>\n\t\t\t\t\t<\/div>\n\t\t<\/div>\n\t\t\t\t<div class=\"elementor-column elementor-col-50 elementor-top-column elementor-element elementor-element-cab98e9\" data-id=\"cab98e9\" data-element_type=\"column\" data-e-type=\"column\">\n\t\t\t<div class=\"elementor-widget-wrap elementor-element-populated\">\n\t\t\t\t\t\t<div class=\"elementor-element elementor-element-d524d31 elementor-widget elementor-widget-heading\" data-id=\"d524d31\" data-element_type=\"widget\" data-e-type=\"widget\" data-widget_type=\"heading.default\">\n\t\t\t\t<div class=\"elementor-widget-container\">\n\t\t\t\t\t<h2 class=\"elementor-heading-title elementor-size-default\">Equipo Coordinador<\/h2>\t\t\t\t<\/div>\n\t\t\t\t<\/div>\n\t\t\t\t\t<\/div>\n\t\t<\/div>\n\t\t\t\t\t<\/div>\n\t\t<\/section>\n\t\t\t\t<section class=\"elementor-section elementor-top-section elementor-element elementor-element-4daf9a6 elementor-section-boxed elementor-section-height-default elementor-section-height-default\" data-id=\"4daf9a6\" data-element_type=\"section\" data-e-type=\"section\">\n\t\t\t\t\t\t<div class=\"elementor-container elementor-column-gap-default\">\n\t\t\t\t\t<div class=\"elementor-column elementor-col-100 elementor-top-column elementor-element elementor-element-6af1a2f\" data-id=\"6af1a2f\" data-element_type=\"column\" data-e-type=\"column\">\n\t\t\t<div class=\"elementor-widget-wrap elementor-element-populated\">\n\t\t\t\t\t\t<div class=\"elementor-element elementor-element-7bc7c6b elementor-widget elementor-widget-eael-adv-tabs\" data-id=\"7bc7c6b\" data-element_type=\"widget\" data-e-type=\"widget\" data-widget_type=\"eael-adv-tabs.default\">\n\t\t\t\t<div class=\"elementor-widget-container\">\n\t\t\t\t\t        <div data-scroll-on-click=\"no\" data-scroll-speed=\"300\" id=\"eael-advance-tabs-7bc7c6b\" class=\"eael-advance-tabs eael-tabs-vertical eael-tab-auto-active \" data-tabid=\"7bc7c6b\">\n            <div class=\"eael-tabs-nav \">\n                <ul class=\"eael-tab-inline-icon\" role=\"tablist\">\n                                            <li id=\"coordinacin-general\" class=\"inactive eael-tab-item-trigger eael-tab-nav-item\" aria-selected=\"true\" data-tab=\"1\" role=\"tab\" tabindex=\"0\" aria-controls=\"coordinacin-general-tab\" aria-expanded=\"false\">\n                            \n                                                                                                                            \n                                                            <span class=\"eael-tab-title title-after-icon\" >Coordinaci\u00f3n General<\/span>                            \n                                                    <\/li>\n                                            <li id=\"coordinacin-tcnica-\" class=\"inactive eael-tab-item-trigger eael-tab-nav-item\" aria-selected=\"false\" data-tab=\"2\" role=\"tab\" tabindex=\"-1\" aria-controls=\"coordinacin-tcnica--tab\" aria-expanded=\"false\">\n                            \n                                                                                                                            \n                                                            <span class=\"eael-tab-title title-after-icon\" >Coordinaci\u00f3n T\u00e9cnica <\/span>                            \n                                                    <\/li>\n                                            <li id=\"coordinacin-regin-europa\" class=\"inactive eael-tab-item-trigger eael-tab-nav-item\" aria-selected=\"false\" data-tab=\"3\" role=\"tab\" tabindex=\"-1\" aria-controls=\"coordinacin-regin-europa-tab\" aria-expanded=\"false\">\n                            \n                                                                                                                            \n                                                            <span class=\"eael-tab-title title-after-icon\" >Coordinaci\u00f3n regi\u00f3n Europa<\/span>                            \n                                                    <\/li>\n                                            <li id=\"coordinacin-regin-amrica-del-norte-\" class=\"inactive eael-tab-item-trigger eael-tab-nav-item\" aria-selected=\"false\" data-tab=\"4\" role=\"tab\" tabindex=\"-1\" aria-controls=\"coordinacin-regin-amrica-del-norte--tab\" aria-expanded=\"false\">\n                            \n                                                                                                                            \n                                                            <span class=\"eael-tab-title title-after-icon\" >Coordinaci\u00f3n regi\u00f3n Am\u00e9rica del Norte <\/span>                            \n                                                    <\/li>\n                                            <li id=\"coordinacin-regin-amrica-central-\" class=\"inactive eael-tab-item-trigger eael-tab-nav-item\" aria-selected=\"false\" data-tab=\"5\" role=\"tab\" tabindex=\"-1\" aria-controls=\"coordinacin-regin-amrica-central--tab\" aria-expanded=\"false\">\n                            \n                                                                                                                            \n                                                            <span class=\"eael-tab-title title-after-icon\" >Coordinaci\u00f3n regi\u00f3n Am\u00e9rica Central <\/span>                            \n                                                    <\/li>\n                                            <li id=\"coordinacin-regin-andina-\" class=\"inactive eael-tab-item-trigger eael-tab-nav-item\" aria-selected=\"false\" data-tab=\"6\" role=\"tab\" tabindex=\"-1\" aria-controls=\"coordinacin-regin-andina--tab\" aria-expanded=\"false\">\n                            \n                                                                                                                            \n                                                            <span class=\"eael-tab-title title-after-icon\" >Coordinaci\u00f3n regi\u00f3n Andina <\/span>                            \n                                                    <\/li>\n                                            <li id=\"coordinacin-regin-cono-sur-\" class=\"inactive eael-tab-item-trigger eael-tab-nav-item\" aria-selected=\"false\" data-tab=\"7\" role=\"tab\" tabindex=\"-1\" aria-controls=\"coordinacin-regin-cono-sur--tab\" aria-expanded=\"false\">\n                            \n                                                                                                                            \n                                                            <span class=\"eael-tab-title title-after-icon\" >Coordinaci\u00f3n Regi\u00f3n cono Sur <\/span>                            \n                                                    <\/li>\n                    \n                                  <\/ul>\n            <\/div>\n            \n            <div class=\"eael-tabs-content\">\n\t\t        \n                    <div id=\"coordinacin-general-tab\" class=\"clearfix eael-tab-content-item inactive\" data-title-link=\"coordinacin-general-tab\">\n\t\t\t\t                            <\/div>\n\t\t        \n                    <div id=\"coordinacin-tcnica--tab\" class=\"clearfix eael-tab-content-item inactive\" data-title-link=\"coordinacin-tcnica--tab\">\n\t\t\t\t                            <\/div>\n\t\t        \n                    <div id=\"coordinacin-regin-europa-tab\" class=\"clearfix eael-tab-content-item inactive\" data-title-link=\"coordinacin-regin-europa-tab\">\n\t\t\t\t        <p style=\"text-align: center\">Defensor\u00eda de la Infancia y Adolescencia de Espa\u00f1a<\/p><p style=\"text-align: center\">Jes\u00fas Maeztu<\/p><p style=\"text-align: center\">Gregorio de Tejada<\/p><p style=\"text-align: center\">Mayte Salces Rodrigo<\/p>                    <\/div>\n\t\t        \n                    <div id=\"coordinacin-regin-amrica-del-norte--tab\" class=\"clearfix eael-tab-content-item inactive\" data-title-link=\"coordinacin-regin-amrica-del-norte--tab\">\n\t\t\t\t                            <\/div>\n\t\t        \n                    <div id=\"coordinacin-regin-amrica-central--tab\" class=\"clearfix eael-tab-content-item inactive\" data-title-link=\"coordinacin-regin-amrica-central--tab\">\n\t\t\t\t        <p style=\"text-align: center\">Defensor\u00eda de la Ni\u00f1ez y Familia del Comisionado\u00a0<br \/>Nacional de Derechos Humanos en Honduras<\/p>                    <\/div>\n\t\t        \n                    <div id=\"coordinacin-regin-andina--tab\" class=\"clearfix eael-tab-content-item inactive\" data-title-link=\"coordinacin-regin-andina--tab\">\n\t\t\t\t        <p style=\"text-align: center\">Defensor\u00eda del Pueblo de Per\u00fa<\/p><p style=\"text-align: center\">Matilde del Carmen Cobe\u00f1a V\u00e1squez\u00a0\u00a0<\/p>                    <\/div>\n\t\t        \n                    <div id=\"coordinacin-regin-cono-sur--tab\" class=\"clearfix eael-tab-content-item inactive\" data-title-link=\"coordinacin-regin-cono-sur--tab\">\n\t\t\t\t        <p style=\"text-align: center\">Defensor\u00eda del Pueblo de Paraguay<\/p>                    <\/div>\n\t\t                    <\/div>\n        <\/div>\n\t\t\t\t<\/div>\n\t\t\t\t<\/div>\n\t\t\t\t\t<\/div>\n\t\t<\/div>\n\t\t\t\t\t<\/div>\n\t\t<\/section>\n\t\t\t\t<\/div>\n\t\t","protected":false},"excerpt":{"rendered":"<p>Equipo Coordinador Coordinaci\u00f3n General Coordinaci\u00f3n T\u00e9cnica Coordinaci\u00f3n regi\u00f3n Europa Coordinaci\u00f3n regi\u00f3n Am\u00e9rica del Norte Coordinaci\u00f3n regi\u00f3n Am\u00e9rica Central Coordinaci\u00f3n regi\u00f3n Andina Coordinaci\u00f3n Regi\u00f3n cono Sur Defensor\u00eda de la Infancia y Adolescencia de Espa\u00f1a Jes\u00fas Maeztu Gregorio de Tejada Mayte Salces Rodrigo Defensor\u00eda de la Ni\u00f1ez y Familia del Comisionado\u00a0Nacional de Derechos Humanos en Honduras Defensor\u00eda [&hellip;]<\/p>\n","protected":false},"author":2,"featured_media":0,"parent":0,"menu_order":0,"comment_status":"closed","ping_status":"closed","template":"","meta":{"footnotes":""},"class_list":["post-293","page","type-page","status-publish","hentry"],"yoast_head":"<!-- This site is optimized with the Yoast SEO plugin v23.7 - https:\/\/yoast.com\/wordpress\/plugins\/seo\/ -->\n<title>Equipo Coordinador - redinfanciasfio<\/title>\n<meta name=\"robots\" content=\"index, follow, max-snippet:-1, max-image-preview:large, max-video-preview:-1\" \/>\n<link rel=\"canonical\" href=\"https:\/\/redinfanciasfio.org\/index.php\/equipo-coordinador\/\" \/>\n<meta property=\"og:locale\" content=\"es_MX\" \/>\n<meta property=\"og:type\" content=\"article\" \/>\n<meta property=\"og:title\" content=\"Equipo Coordinador - redinfanciasfio\" \/>\n<meta property=\"og:description\" content=\"Equipo Coordinador Coordinaci\u00f3n General Coordinaci\u00f3n T\u00e9cnica Coordinaci\u00f3n regi\u00f3n Europa Coordinaci\u00f3n regi\u00f3n Am\u00e9rica del Norte Coordinaci\u00f3n regi\u00f3n Am\u00e9rica Central Coordinaci\u00f3n regi\u00f3n Andina Coordinaci\u00f3n Regi\u00f3n cono Sur Defensor\u00eda de la Infancia y Adolescencia de Espa\u00f1a Jes\u00fas Maeztu Gregorio de Tejada Mayte Salces Rodrigo Defensor\u00eda de la Ni\u00f1ez y Familia del Comisionado\u00a0Nacional de Derechos Humanos en Honduras Defensor\u00eda [&hellip;]\" \/>\n<meta property=\"og:url\" content=\"https:\/\/redinfanciasfio.org\/index.php\/equipo-coordinador\/\" \/>\n<meta property=\"og:site_name\" content=\"redinfanciasfio\" \/>\n<meta property=\"article:modified_time\" content=\"2026-01-09T14:35:07+00:00\" \/>\n<meta property=\"og:image\" content=\"http:\/\/redinfanciasfio.org\/wp-content\/uploads\/elementor\/thumbs\/trabajo-en-equipo-pyft3vh5qvrpzl0l416q0h1mq8hra795sp0tt9i1go.png\" \/>\n<meta name=\"twitter:card\" content=\"summary_large_image\" \/>\n<meta name=\"twitter:label1\" content=\"Tiempo de lectura\" \/>\n\t<meta name=\"twitter:data1\" content=\"1 minuto\" \/>\n<script type=\"application\/ld+json\" class=\"yoast-schema-graph\">{\"@context\":\"https:\/\/schema.org\",\"@graph\":[{\"@type\":\"WebPage\",\"@id\":\"https:\/\/redinfanciasfio.org\/index.php\/equipo-coordinador\/\",\"url\":\"https:\/\/redinfanciasfio.org\/index.php\/equipo-coordinador\/\",\"name\":\"Equipo Coordinador - redinfanciasfio\",\"isPartOf\":{\"@id\":\"https:\/\/redinfanciasfio.org\/#website\"},\"primaryImageOfPage\":{\"@id\":\"https:\/\/redinfanciasfio.org\/index.php\/equipo-coordinador\/#primaryimage\"},\"image\":{\"@id\":\"https:\/\/redinfanciasfio.org\/index.php\/equipo-coordinador\/#primaryimage\"},\"thumbnailUrl\":\"http:\/\/redinfanciasfio.org\/wp-content\/uploads\/elementor\/thumbs\/trabajo-en-equipo-pyft3vh5qvrpzl0l416q0h1mq8hra795sp0tt9i1go.png\",\"datePublished\":\"2021-09-09T16:52:17+00:00\",\"dateModified\":\"2026-01-09T14:35:07+00:00\",\"breadcrumb\":{\"@id\":\"https:\/\/redinfanciasfio.org\/index.php\/equipo-coordinador\/#breadcrumb\"},\"inLanguage\":\"es\",\"potentialAction\":[{\"@type\":\"ReadAction\",\"target\":[\"https:\/\/redinfanciasfio.org\/index.php\/equipo-coordinador\/\"]}]},{\"@type\":\"ImageObject\",\"inLanguage\":\"es\",\"@id\":\"https:\/\/redinfanciasfio.org\/index.php\/equipo-coordinador\/#primaryimage\",\"url\":\"http:\/\/redinfanciasfio.org\/wp-content\/uploads\/elementor\/thumbs\/trabajo-en-equipo-pyft3vh5qvrpzl0l416q0h1mq8hra795sp0tt9i1go.png\",\"contentUrl\":\"http:\/\/redinfanciasfio.org\/wp-content\/uploads\/elementor\/thumbs\/trabajo-en-equipo-pyft3vh5qvrpzl0l416q0h1mq8hra795sp0tt9i1go.png\"},{\"@type\":\"BreadcrumbList\",\"@id\":\"https:\/\/redinfanciasfio.org\/index.php\/equipo-coordinador\/#breadcrumb\",\"itemListElement\":[{\"@type\":\"ListItem\",\"position\":1,\"name\":\"Inicio\",\"item\":\"https:\/\/redinfanciasfio.org\/\"},{\"@type\":\"ListItem\",\"position\":2,\"name\":\"Equipo Coordinador\"}]},{\"@type\":\"WebSite\",\"@id\":\"https:\/\/redinfanciasfio.org\/#website\",\"url\":\"https:\/\/redinfanciasfio.org\/\",\"name\":\"red infancias fio\",\"description\":\"Red de Ni\u00f1ez y Adolescencia\",\"publisher\":{\"@id\":\"https:\/\/redinfanciasfio.org\/#organization\"},\"potentialAction\":[{\"@type\":\"SearchAction\",\"target\":{\"@type\":\"EntryPoint\",\"urlTemplate\":\"https:\/\/redinfanciasfio.org\/?s={search_term_string}\"},\"query-input\":{\"@type\":\"PropertyValueSpecification\",\"valueRequired\":true,\"valueName\":\"search_term_string\"}}],\"inLanguage\":\"es\"},{\"@type\":\"Organization\",\"@id\":\"https:\/\/redinfanciasfio.org\/#organization\",\"name\":\"Red Ni\u00f1ez y Adolescencias de la Federaci\u00f3n Iberoamericana del Ombudsman\",\"url\":\"https:\/\/redinfanciasfio.org\/\",\"logo\":{\"@type\":\"ImageObject\",\"inLanguage\":\"es\",\"@id\":\"https:\/\/redinfanciasfio.org\/#\/schema\/logo\/image\/\",\"url\":\"https:\/\/redinfanciasfio.org\/wp-content\/uploads\/2023\/06\/cropped-logo-wordpress.jpg\",\"contentUrl\":\"https:\/\/redinfanciasfio.org\/wp-content\/uploads\/2023\/06\/cropped-logo-wordpress.jpg\",\"width\":300,\"height\":199,\"caption\":\"Red Ni\u00f1ez y Adolescencias de la Federaci\u00f3n Iberoamericana del Ombudsman\"},\"image\":{\"@id\":\"https:\/\/redinfanciasfio.org\/#\/schema\/logo\/image\/\"}}]}<\/script>\n<!-- \/ Yoast SEO plugin. -->","yoast_head_json":{"title":"Equipo Coordinador - redinfanciasfio","robots":{"index":"index","follow":"follow","max-snippet":"max-snippet:-1","max-image-preview":"max-image-preview:large","max-video-preview":"max-video-preview:-1"},"canonical":"https:\/\/redinfanciasfio.org\/index.php\/equipo-coordinador\/","og_locale":"es_MX","og_type":"article","og_title":"Equipo Coordinador - redinfanciasfio","og_description":"Equipo Coordinador Coordinaci\u00f3n General Coordinaci\u00f3n T\u00e9cnica Coordinaci\u00f3n regi\u00f3n Europa Coordinaci\u00f3n regi\u00f3n Am\u00e9rica del Norte Coordinaci\u00f3n regi\u00f3n Am\u00e9rica Central Coordinaci\u00f3n regi\u00f3n Andina Coordinaci\u00f3n Regi\u00f3n cono Sur Defensor\u00eda de la Infancia y Adolescencia de Espa\u00f1a Jes\u00fas Maeztu Gregorio de Tejada Mayte Salces Rodrigo Defensor\u00eda de la Ni\u00f1ez y Familia del Comisionado\u00a0Nacional de Derechos Humanos en Honduras Defensor\u00eda [&hellip;]","og_url":"https:\/\/redinfanciasfio.org\/index.php\/equipo-coordinador\/","og_site_name":"redinfanciasfio","article_modified_time":"2026-01-09T14:35:07+00:00","og_image":[{"url":"http:\/\/redinfanciasfio.org\/wp-content\/uploads\/elementor\/thumbs\/trabajo-en-equipo-pyft3vh5qvrpzl0l416q0h1mq8hra795sp0tt9i1go.png"}],"twitter_card":"summary_large_image","twitter_misc":{"Tiempo de lectura":"1 minuto"},"schema":{"@context":"https:\/\/schema.org","@graph":[{"@type":"WebPage","@id":"https:\/\/redinfanciasfio.org\/index.php\/equipo-coordinador\/","url":"https:\/\/redinfanciasfio.org\/index.php\/equipo-coordinador\/","name":"Equipo Coordinador - redinfanciasfio","isPartOf":{"@id":"https:\/\/redinfanciasfio.org\/#website"},"primaryImageOfPage":{"@id":"https:\/\/redinfanciasfio.org\/index.php\/equipo-coordinador\/#primaryimage"},"image":{"@id":"https:\/\/redinfanciasfio.org\/index.php\/equipo-coordinador\/#primaryimage"},"thumbnailUrl":"http:\/\/redinfanciasfio.org\/wp-content\/uploads\/elementor\/thumbs\/trabajo-en-equipo-pyft3vh5qvrpzl0l416q0h1mq8hra795sp0tt9i1go.png","datePublished":"2021-09-09T16:52:17+00:00","dateModified":"2026-01-09T14:35:07+00:00","breadcrumb":{"@id":"https:\/\/redinfanciasfio.org\/index.php\/equipo-coordinador\/#breadcrumb"},"inLanguage":"es","potentialAction":[{"@type":"ReadAction","target":["https:\/\/redinfanciasfio.org\/index.php\/equipo-coordinador\/"]}]},{"@type":"ImageObject","inLanguage":"es","@id":"https:\/\/redinfanciasfio.org\/index.php\/equipo-coordinador\/#primaryimage","url":"http:\/\/redinfanciasfio.org\/wp-content\/uploads\/elementor\/thumbs\/trabajo-en-equipo-pyft3vh5qvrpzl0l416q0h1mq8hra795sp0tt9i1go.png","contentUrl":"http:\/\/redinfanciasfio.org\/wp-content\/uploads\/elementor\/thumbs\/trabajo-en-equipo-pyft3vh5qvrpzl0l416q0h1mq8hra795sp0tt9i1go.png"},{"@type":"BreadcrumbList","@id":"https:\/\/redinfanciasfio.org\/index.php\/equipo-coordinador\/#breadcrumb","itemListElement":[{"@type":"ListItem","position":1,"name":"Inicio","item":"https:\/\/redinfanciasfio.org\/"},{"@type":"ListItem","position":2,"name":"Equipo Coordinador"}]},{"@type":"WebSite","@id":"https:\/\/redinfanciasfio.org\/#website","url":"https:\/\/redinfanciasfio.org\/","name":"red infancias fio","description":"Red de Ni\u00f1ez y Adolescencia","publisher":{"@id":"https:\/\/redinfanciasfio.org\/#organization"},"potentialAction":[{"@type":"SearchAction","target":{"@type":"EntryPoint","urlTemplate":"https:\/\/redinfanciasfio.org\/?s={search_term_string}"},"query-input":{"@type":"PropertyValueSpecification","valueRequired":true,"valueName":"search_term_string"}}],"inLanguage":"es"},{"@type":"Organization","@id":"https:\/\/redinfanciasfio.org\/#organization","name":"Red Ni\u00f1ez y Adolescencias de la Federaci\u00f3n Iberoamericana del Ombudsman","url":"https:\/\/redinfanciasfio.org\/","logo":{"@type":"ImageObject","inLanguage":"es","@id":"https:\/\/redinfanciasfio.org\/#\/schema\/logo\/image\/","url":"https:\/\/redinfanciasfio.org\/wp-content\/uploads\/2023\/06\/cropped-logo-wordpress.jpg","contentUrl":"https:\/\/redinfanciasfio.org\/wp-content\/uploads\/2023\/06\/cropped-logo-wordpress.jpg","width":300,"height":199,"caption":"Red Ni\u00f1ez y Adolescencias de la Federaci\u00f3n Iberoamericana del Ombudsman"},"image":{"@id":"https:\/\/redinfanciasfio.org\/#\/schema\/logo\/image\/"}}]}},"_links":{"self":[{"href":"https:\/\/redinfanciasfio.org\/index.php\/wp-json\/wp\/v2\/pages\/293","targetHints":{"allow":["GET"]}}],"collection":[{"href":"https:\/\/redinfanciasfio.org\/index.php\/wp-json\/wp\/v2\/pages"}],"about":[{"href":"https:\/\/redinfanciasfio.org\/index.php\/wp-json\/wp\/v2\/types\/page"}],"author":[{"embeddable":true,"href":"https:\/\/redinfanciasfio.org\/index.php\/wp-json\/wp\/v2\/users\/2"}],"replies":[{"embeddable":true,"href":"https:\/\/redinfanciasfio.org\/index.php\/wp-json\/wp\/v2\/comments?post=293"}],"version-history":[{"count":37,"href":"https:\/\/redinfanciasfio.org\/index.php\/wp-json\/wp\/v2\/pages\/293\/revisions"}],"predecessor-version":[{"id":2319,"href":"https:\/\/redinfanciasfio.org\/index.php\/wp-json\/wp\/v2\/pages\/293\/revisions\/2319"}],"wp:attachment":[{"href":"https:\/\/redinfanciasfio.org\/index.php\/wp-json\/wp\/v2\/media?parent=293"}],"curies":[{"name":"wp","href":"https:\/\/api.w.org\/{rel}","templated":true}]}}