{"id":287,"date":"2021-09-09T11:28:18","date_gmt":"2021-09-09T16:28:18","guid":{"rendered":"https:\/\/redinfanciasfio.org\/?page_id=287"},"modified":"2024-10-07T13:51:11","modified_gmt":"2024-10-07T18:51:11","slug":"integrantes","status":"publish","type":"page","link":"https:\/\/redinfanciasfio.org\/index.php\/integrantes\/","title":{"rendered":"Integrantes"},"content":{"rendered":"\t\t<div data-elementor-type=\"wp-page\" data-elementor-id=\"287\" class=\"elementor elementor-287\">\n\t\t\t\t\t\t<section class=\"elementor-section elementor-top-section elementor-element elementor-element-785dc05 elementor-section-boxed elementor-section-height-default elementor-section-height-default elementor-invisible\" data-id=\"785dc05\" data-element_type=\"section\" data-e-type=\"section\" data-settings=\"{&quot;animation&quot;:&quot;fadeInUp&quot;}\">\n\t\t\t\t\t\t<div class=\"elementor-container elementor-column-gap-default\">\n\t\t\t\t\t<div class=\"elementor-column elementor-col-100 elementor-top-column elementor-element elementor-element-b4b9a6f\" data-id=\"b4b9a6f\" data-element_type=\"column\" data-e-type=\"column\">\n\t\t\t<div class=\"elementor-widget-wrap elementor-element-populated\">\n\t\t\t\t\t\t<section class=\"elementor-section elementor-inner-section elementor-element elementor-element-b4d94f9 elementor-section-boxed elementor-section-height-default elementor-section-height-default\" data-id=\"b4d94f9\" data-element_type=\"section\" data-e-type=\"section\">\n\t\t\t\t\t\t<div class=\"elementor-container elementor-column-gap-default\">\n\t\t\t\t\t<div class=\"elementor-column elementor-col-100 elementor-inner-column elementor-element elementor-element-739d1c1\" data-id=\"739d1c1\" data-element_type=\"column\" data-e-type=\"column\">\n\t\t\t<div class=\"elementor-widget-wrap elementor-element-populated\">\n\t\t\t\t\t\t<div class=\"elementor-element elementor-element-336ea12 elementor-widget elementor-widget-heading\" data-id=\"336ea12\" data-element_type=\"widget\" data-e-type=\"widget\" data-widget_type=\"heading.default\">\n\t\t\t\t<div class=\"elementor-widget-container\">\n\t\t\t\t\t<h2 class=\"elementor-heading-title elementor-size-default\">Integrantes<\/h2>\t\t\t\t<\/div>\n\t\t\t\t<\/div>\n\t\t\t\t\t<\/div>\n\t\t<\/div>\n\t\t\t\t\t<\/div>\n\t\t<\/section>\n\t\t\t\t<div class=\"elementor-element elementor-element-8eabaa8 elementor-widget elementor-widget-text-editor\" data-id=\"8eabaa8\" data-element_type=\"widget\" data-e-type=\"widget\" data-widget_type=\"text-editor.default\">\n\t\t\t\t<div class=\"elementor-widget-container\">\n\t\t\t\t\t\t\t\t\t<ul><li><p><a href=\"https:\/\/cdhcm.org.mx\/\">Comisi\u00f3n de Derechos Humanos de la Ciudad de M\u00e9xico<\/a><\/p><p>correo: cdhcm@redinfanciasfio.org<\/p><\/li><li><p><a href=\"http:\/\/cdhec.org.mx\/cdhec_site\">Comisi\u00f3n de Derechos Humanos del Estado de Coahuila<\/a><\/p><\/li><\/ul><ul><li><p><a href=\"https:\/\/cdhhgo.org\/home\/\">Comisi\u00f3n de Derechos Humanos del Estado de Hidalgo<\/a><\/p><\/li><li><p><a href=\"https:\/\/www.codhey.org\/#\/\">Comisi\u00f3n de Derechos Humanos del Estado de Yucat\u00e1n<\/a><\/p><\/li><li><p>Comisi\u00f3n Estatal de Derechos Humanos de Nuevo Le\u00f3n<\/p><\/li><li><p>Comisi\u00f3n Estatal de Derechos Humanos de Tlaxcala<\/p><\/li><li><p>Comisi\u00f3n Estatal de Derechos Humanos Jalisco<\/p><\/li><li><p>Comisi\u00f3n Estatal de los Derechos Humanos de Sinaloa<\/p><\/li><li><p>Comisi\u00f3n Nacional de los Derechos Humanos de M\u00e9xico<\/p><\/li><li><p>Defensor del Pueblo de la Ciudad de Neuqu\u00e9n<\/p><\/li><li><p>Defensor\u00eda de los Habitantes de Costa Rica<\/p><\/li><li><p>Defensor\u00eda del Estado Plurinacional de Bolivia<\/p><\/li><li><p>Defensor\u00eda del Pueblo de Colombia<\/p><\/li><li><p>Defensor\u00eda del Pueblo de Espa\u00f1a<\/p><\/li><li><p>Defensor\u00eda del Pueblo de Guatemala<\/p><\/li><li><p>Defensor\u00eda del Pueblo de la Ciudad de R\u00edo Cuarto<\/p><\/li><li><p>Defensor\u00eda del Pueblo de la Ciudad de R\u00edo Cuarto<\/p><\/li><li><p>Defensor\u00eda del Pueblo de la Naci\u00f3n Argentina<\/p><\/li><li><p>Defensor\u00eda del Pueblo de la provincia de R\u00edo Negro<\/p><\/li><li><p>Defensor\u00eda del Pueblo de la Provincia de Santa Fe<\/p><\/li><li><p>Defensor\u00eda del Pueblo de la Provincia de Tucum\u00e1n<\/p><\/li><li><p>Defensor\u00eda del Pueblo de la Rep\u00fablica Bolivariana de Venezuela<\/p><\/li><li><p>Defensor\u00eda del Pueblo de la Rep\u00fablica del Paraguay<\/p><\/li><li><p>Defensor\u00eda del Pueblo de Panam\u00e1<\/p><\/li><li><p>Defensor\u00eda del Pueblo del Partido de Escobar<\/p><\/li><li><p>Defensor\u00eda del Pueblo del Per\u00fa<\/p><\/li><li><p>Defensor\u00eda del Pueblo La Matanza<\/p><\/li><li><p>Instituto Nacional de Derechos Humanos y Defensor\u00eda del Pueblo de Uruguay (INDDHH)<\/p><\/li><li><p>Procuradur\u00eda Com\u00fan de Castilla y Le\u00f3n<\/p><\/li><li><p>Procuradur\u00eda de los Derechos Humanos de Nicaragua<\/p><\/li><li><p>Procuradur\u00eda de los Derechos Humanos del Estado de Guanajuato<\/p><\/li><li><p>Procuradur\u00eda del Ciudadano del Estado Libre y Asociado de Puerto Rico<\/p><\/li><li><p>Procuradur\u00eda Federal de los Derechos del Ciudadano<\/p><\/li><li><p>Procuradur\u00eda General del Principado de Asturias<\/p><\/li><li><p>Procuradur\u00eda para la Defensa de los Derechos Humanos de El Salvador<\/p><\/li><li><p>Proveedor de Justicia de Portugal<\/p><\/li><li><p>Sindic. de Greuges de la Comunitat Valenciana<\/p><\/li><\/ul>\t\t\t\t\t\t\t\t<\/div>\n\t\t\t\t<\/div>\n\t\t\t\t\t<\/div>\n\t\t<\/div>\n\t\t\t\t\t<\/div>\n\t\t<\/section>\n\t\t\t\t<\/div>\n\t\t","protected":false},"excerpt":{"rendered":"<p>Integrantes Comisi\u00f3n de Derechos Humanos de la Ciudad de M\u00e9xico correo: cdhcm@redinfanciasfio.org Comisi\u00f3n de Derechos Humanos del Estado de Coahuila Comisi\u00f3n de Derechos Humanos del Estado de Hidalgo Comisi\u00f3n de Derechos Humanos del Estado de Yucat\u00e1n Comisi\u00f3n Estatal de Derechos Humanos de Nuevo Le\u00f3n Comisi\u00f3n Estatal de Derechos Humanos de Tlaxcala Comisi\u00f3n Estatal de Derechos [&hellip;]<\/p>\n","protected":false},"author":2,"featured_media":0,"parent":0,"menu_order":0,"comment_status":"closed","ping_status":"closed","template":"","meta":{"footnotes":""},"class_list":["post-287","page","type-page","status-publish","hentry"],"yoast_head":"<!-- This site is optimized with the Yoast SEO plugin v23.7 - https:\/\/yoast.com\/wordpress\/plugins\/seo\/ -->\n<title>Integrantes - redinfanciasfio<\/title>\n<meta name=\"robots\" content=\"index, follow, max-snippet:-1, max-image-preview:large, max-video-preview:-1\" \/>\n<link rel=\"canonical\" href=\"https:\/\/redinfanciasfio.org\/index.php\/integrantes\/\" \/>\n<meta property=\"og:locale\" content=\"es_MX\" \/>\n<meta property=\"og:type\" content=\"article\" \/>\n<meta property=\"og:title\" content=\"Integrantes - redinfanciasfio\" \/>\n<meta property=\"og:description\" content=\"Integrantes Comisi\u00f3n de Derechos Humanos de la Ciudad de M\u00e9xico correo: cdhcm@redinfanciasfio.org Comisi\u00f3n de Derechos Humanos del Estado de Coahuila Comisi\u00f3n de Derechos Humanos del Estado de Hidalgo Comisi\u00f3n de Derechos Humanos del Estado de Yucat\u00e1n Comisi\u00f3n Estatal de Derechos Humanos de Nuevo Le\u00f3n Comisi\u00f3n Estatal de Derechos Humanos de Tlaxcala Comisi\u00f3n Estatal de Derechos [&hellip;]\" \/>\n<meta property=\"og:url\" content=\"https:\/\/redinfanciasfio.org\/index.php\/integrantes\/\" \/>\n<meta property=\"og:site_name\" content=\"redinfanciasfio\" \/>\n<meta property=\"article:modified_time\" content=\"2024-10-07T18:51:11+00:00\" \/>\n<meta name=\"twitter:card\" content=\"summary_large_image\" \/>\n<meta name=\"twitter:label1\" content=\"Tiempo de lectura\" \/>\n\t<meta name=\"twitter:data1\" content=\"2 minutos\" \/>\n<script type=\"application\/ld+json\" class=\"yoast-schema-graph\">{\"@context\":\"https:\/\/schema.org\",\"@graph\":[{\"@type\":\"WebPage\",\"@id\":\"https:\/\/redinfanciasfio.org\/index.php\/integrantes\/\",\"url\":\"https:\/\/redinfanciasfio.org\/index.php\/integrantes\/\",\"name\":\"Integrantes - redinfanciasfio\",\"isPartOf\":{\"@id\":\"https:\/\/redinfanciasfio.org\/#website\"},\"datePublished\":\"2021-09-09T16:28:18+00:00\",\"dateModified\":\"2024-10-07T18:51:11+00:00\",\"breadcrumb\":{\"@id\":\"https:\/\/redinfanciasfio.org\/index.php\/integrantes\/#breadcrumb\"},\"inLanguage\":\"es\",\"potentialAction\":[{\"@type\":\"ReadAction\",\"target\":[\"https:\/\/redinfanciasfio.org\/index.php\/integrantes\/\"]}]},{\"@type\":\"BreadcrumbList\",\"@id\":\"https:\/\/redinfanciasfio.org\/index.php\/integrantes\/#breadcrumb\",\"itemListElement\":[{\"@type\":\"ListItem\",\"position\":1,\"name\":\"Inicio\",\"item\":\"https:\/\/redinfanciasfio.org\/\"},{\"@type\":\"ListItem\",\"position\":2,\"name\":\"Integrantes\"}]},{\"@type\":\"WebSite\",\"@id\":\"https:\/\/redinfanciasfio.org\/#website\",\"url\":\"https:\/\/redinfanciasfio.org\/\",\"name\":\"red infancias fio\",\"description\":\"Red de Ni\u00f1ez y Adolescencia\",\"publisher\":{\"@id\":\"https:\/\/redinfanciasfio.org\/#organization\"},\"potentialAction\":[{\"@type\":\"SearchAction\",\"target\":{\"@type\":\"EntryPoint\",\"urlTemplate\":\"https:\/\/redinfanciasfio.org\/?s={search_term_string}\"},\"query-input\":{\"@type\":\"PropertyValueSpecification\",\"valueRequired\":true,\"valueName\":\"search_term_string\"}}],\"inLanguage\":\"es\"},{\"@type\":\"Organization\",\"@id\":\"https:\/\/redinfanciasfio.org\/#organization\",\"name\":\"Red Ni\u00f1ez y Adolescencias de la Federaci\u00f3n Iberoamericana del Ombudsman\",\"url\":\"https:\/\/redinfanciasfio.org\/\",\"logo\":{\"@type\":\"ImageObject\",\"inLanguage\":\"es\",\"@id\":\"https:\/\/redinfanciasfio.org\/#\/schema\/logo\/image\/\",\"url\":\"https:\/\/redinfanciasfio.org\/wp-content\/uploads\/2023\/06\/cropped-logo-wordpress.jpg\",\"contentUrl\":\"https:\/\/redinfanciasfio.org\/wp-content\/uploads\/2023\/06\/cropped-logo-wordpress.jpg\",\"width\":300,\"height\":199,\"caption\":\"Red Ni\u00f1ez y Adolescencias de la Federaci\u00f3n Iberoamericana del Ombudsman\"},\"image\":{\"@id\":\"https:\/\/redinfanciasfio.org\/#\/schema\/logo\/image\/\"}}]}<\/script>\n<!-- \/ Yoast SEO plugin. -->","yoast_head_json":{"title":"Integrantes - redinfanciasfio","robots":{"index":"index","follow":"follow","max-snippet":"max-snippet:-1","max-image-preview":"max-image-preview:large","max-video-preview":"max-video-preview:-1"},"canonical":"https:\/\/redinfanciasfio.org\/index.php\/integrantes\/","og_locale":"es_MX","og_type":"article","og_title":"Integrantes - redinfanciasfio","og_description":"Integrantes Comisi\u00f3n de Derechos Humanos de la Ciudad de M\u00e9xico correo: cdhcm@redinfanciasfio.org Comisi\u00f3n de Derechos Humanos del Estado de Coahuila Comisi\u00f3n de Derechos Humanos del Estado de Hidalgo Comisi\u00f3n de Derechos Humanos del Estado de Yucat\u00e1n Comisi\u00f3n Estatal de Derechos Humanos de Nuevo Le\u00f3n Comisi\u00f3n Estatal de Derechos Humanos de Tlaxcala Comisi\u00f3n Estatal de Derechos [&hellip;]","og_url":"https:\/\/redinfanciasfio.org\/index.php\/integrantes\/","og_site_name":"redinfanciasfio","article_modified_time":"2024-10-07T18:51:11+00:00","twitter_card":"summary_large_image","twitter_misc":{"Tiempo de lectura":"2 minutos"},"schema":{"@context":"https:\/\/schema.org","@graph":[{"@type":"WebPage","@id":"https:\/\/redinfanciasfio.org\/index.php\/integrantes\/","url":"https:\/\/redinfanciasfio.org\/index.php\/integrantes\/","name":"Integrantes - redinfanciasfio","isPartOf":{"@id":"https:\/\/redinfanciasfio.org\/#website"},"datePublished":"2021-09-09T16:28:18+00:00","dateModified":"2024-10-07T18:51:11+00:00","breadcrumb":{"@id":"https:\/\/redinfanciasfio.org\/index.php\/integrantes\/#breadcrumb"},"inLanguage":"es","potentialAction":[{"@type":"ReadAction","target":["https:\/\/redinfanciasfio.org\/index.php\/integrantes\/"]}]},{"@type":"BreadcrumbList","@id":"https:\/\/redinfanciasfio.org\/index.php\/integrantes\/#breadcrumb","itemListElement":[{"@type":"ListItem","position":1,"name":"Inicio","item":"https:\/\/redinfanciasfio.org\/"},{"@type":"ListItem","position":2,"name":"Integrantes"}]},{"@type":"WebSite","@id":"https:\/\/redinfanciasfio.org\/#website","url":"https:\/\/redinfanciasfio.org\/","name":"red infancias fio","description":"Red de Ni\u00f1ez y Adolescencia","publisher":{"@id":"https:\/\/redinfanciasfio.org\/#organization"},"potentialAction":[{"@type":"SearchAction","target":{"@type":"EntryPoint","urlTemplate":"https:\/\/redinfanciasfio.org\/?s={search_term_string}"},"query-input":{"@type":"PropertyValueSpecification","valueRequired":true,"valueName":"search_term_string"}}],"inLanguage":"es"},{"@type":"Organization","@id":"https:\/\/redinfanciasfio.org\/#organization","name":"Red Ni\u00f1ez y Adolescencias de la Federaci\u00f3n Iberoamericana del Ombudsman","url":"https:\/\/redinfanciasfio.org\/","logo":{"@type":"ImageObject","inLanguage":"es","@id":"https:\/\/redinfanciasfio.org\/#\/schema\/logo\/image\/","url":"https:\/\/redinfanciasfio.org\/wp-content\/uploads\/2023\/06\/cropped-logo-wordpress.jpg","contentUrl":"https:\/\/redinfanciasfio.org\/wp-content\/uploads\/2023\/06\/cropped-logo-wordpress.jpg","width":300,"height":199,"caption":"Red Ni\u00f1ez y Adolescencias de la Federaci\u00f3n Iberoamericana del Ombudsman"},"image":{"@id":"https:\/\/redinfanciasfio.org\/#\/schema\/logo\/image\/"}}]}},"_links":{"self":[{"href":"https:\/\/redinfanciasfio.org\/index.php\/wp-json\/wp\/v2\/pages\/287","targetHints":{"allow":["GET"]}}],"collection":[{"href":"https:\/\/redinfanciasfio.org\/index.php\/wp-json\/wp\/v2\/pages"}],"about":[{"href":"https:\/\/redinfanciasfio.org\/index.php\/wp-json\/wp\/v2\/types\/page"}],"author":[{"embeddable":true,"href":"https:\/\/redinfanciasfio.org\/index.php\/wp-json\/wp\/v2\/users\/2"}],"replies":[{"embeddable":true,"href":"https:\/\/redinfanciasfio.org\/index.php\/wp-json\/wp\/v2\/comments?post=287"}],"version-history":[{"count":22,"href":"https:\/\/redinfanciasfio.org\/index.php\/wp-json\/wp\/v2\/pages\/287\/revisions"}],"predecessor-version":[{"id":2062,"href":"https:\/\/redinfanciasfio.org\/index.php\/wp-json\/wp\/v2\/pages\/287\/revisions\/2062"}],"wp:attachment":[{"href":"https:\/\/redinfanciasfio.org\/index.php\/wp-json\/wp\/v2\/media?parent=287"}],"curies":[{"name":"wp","href":"https:\/\/api.w.org\/{rel}","templated":true}]}}