{"id":259,"date":"2021-09-09T11:02:30","date_gmt":"2021-09-09T16:02:30","guid":{"rendered":"https:\/\/redinfanciasfio.org\/?page_id=259"},"modified":"2024-10-07T13:09:23","modified_gmt":"2024-10-07T18:09:23","slug":"sobre-la-red","status":"publish","type":"page","link":"https:\/\/redinfanciasfio.org\/index.php\/sobre-la-red\/","title":{"rendered":"Sobre la Red"},"content":{"rendered":"\t\t<div data-elementor-type=\"wp-page\" data-elementor-id=\"259\" class=\"elementor elementor-259\">\n\t\t\t\t\t\t<section class=\"elementor-section elementor-top-section elementor-element elementor-element-b835c97 elementor-section-boxed elementor-section-height-default elementor-section-height-default\" data-id=\"b835c97\" data-element_type=\"section\" data-e-type=\"section\">\n\t\t\t\t\t\t<div class=\"elementor-container elementor-column-gap-default\">\n\t\t\t\t\t<div class=\"elementor-column elementor-col-66 elementor-top-column elementor-element elementor-element-ab894a2\" data-id=\"ab894a2\" data-element_type=\"column\" data-e-type=\"column\">\n\t\t\t<div class=\"elementor-widget-wrap elementor-element-populated\">\n\t\t\t\t\t\t<div class=\"elementor-element elementor-element-54e3c0f elementor-widget__width-auto elementor-invisible elementor-widget elementor-widget-text-editor\" data-id=\"54e3c0f\" data-element_type=\"widget\" data-e-type=\"widget\" data-settings=\"{&quot;_animation&quot;:&quot;fadeIn&quot;}\" data-widget_type=\"text-editor.default\">\n\t\t\t\t<div class=\"elementor-widget-container\">\n\t\t\t\t\t\t\t\t\t<p>Seg\u00fan lo establecido en el Estatuto de la Federaci\u00f3n Iberoamericana de Defensores del Pueblo, Procuradores, Proveedores, Comisionados y Presidentes de Comisiones P\u00fablicas de Derechos Humanos, o Federaci\u00f3n Iberoamericana de Ombudsman(FIO), en su cap\u00edtulo III, de la Organizaci\u00f3n \u2013Art\u00edculo 19. Redes de trabajo tem\u00e1tico: La FIO, con el fin de potenciar y optimizar la realizaci\u00f3n de sus actividades y la consecuci\u00f3n de sus objetivos, podr\u00e1 crear redes de trabajo tem\u00e1ticas.<\/p><p>Para lo anterior las personas integrantes de pleno derecho de la FIO designar\u00e1n a un representante de su instituci\u00f3n para que participe en la red tem\u00e1tica de que se trate.<\/p><p>El acuerdo de creaci\u00f3n de dichas redes de trabajo corresponder\u00e1 a la Asamblea General de la Federaci\u00f3n. Una vez creada la red de trabajo esta designar\u00e1 un comit\u00e9 coordinador compuesto por cinco miembros correspondientes a cada una de las cinco zonas geogr\u00e1ficas en que se articula la FIO. (Europa, Am\u00e9rica del Norte, Centroam\u00e9rica, Pa\u00edses Andinos y Cono Sur). Corresponder\u00e1 al Consejo Rector aprobar las l\u00edneas de trabajo y las actividades de las redes.<\/p><p>En el mes de noviembre de 2007, en el marco del XII Congreso Anual de la Federaci\u00f3n Iberoamericana de Ombudsman (FIO) se aprob\u00f3 la \u201cDeclaraci\u00f3n de Lima\u201d documento a trav\u00e9s de la cual se acord\u00f3 la creaci\u00f3n de una \u201cRed Iberoamericana de defensa de los derechos de la ni\u00f1ez y adolescencia\u201c (en adelante Red) conformada por todas las instancias de ni\u00f1ez y adolescencia existentes al interior de las Defensor\u00edas del Pueblo de Iberoam\u00e9rica.<\/p><p>Asimismo, en dicho documento, se se\u00f1al\u00f3 la necesidad de crear una Secretar\u00eda Pro-Tempore constituida por un cuerpo colegiado representativo elegido democr\u00e1ticamente que tuviera como principal responsabilidad desarrollar una propuesta de bases y de estatuto de la Red.<\/p><p>\u00a0<\/p>\t\t\t\t\t\t\t\t<\/div>\n\t\t\t\t<\/div>\n\t\t\t\t\t<\/div>\n\t\t<\/div>\n\t\t\t\t<div class=\"elementor-column elementor-col-33 elementor-top-column elementor-element elementor-element-dc0e3e4\" data-id=\"dc0e3e4\" data-element_type=\"column\" data-e-type=\"column\">\n\t\t\t<div class=\"elementor-widget-wrap elementor-element-populated\">\n\t\t\t\t\t\t<section class=\"elementor-section elementor-inner-section elementor-element elementor-element-1b9efbc elementor-section-boxed elementor-section-height-default elementor-section-height-default\" data-id=\"1b9efbc\" data-element_type=\"section\" data-e-type=\"section\">\n\t\t\t\t\t\t<div class=\"elementor-container elementor-column-gap-default\">\n\t\t\t\t\t<div class=\"elementor-column elementor-col-100 elementor-inner-column elementor-element elementor-element-f21e832\" data-id=\"f21e832\" data-element_type=\"column\" data-e-type=\"column\">\n\t\t\t<div class=\"elementor-widget-wrap elementor-element-populated\">\n\t\t\t\t\t\t<div class=\"elementor-element elementor-element-21287f8 elementor-absolute elementor-invisible elementor-widget elementor-widget-heading\" data-id=\"21287f8\" data-element_type=\"widget\" data-e-type=\"widget\" data-settings=\"{&quot;_animation&quot;:&quot;fadeInRight&quot;,&quot;_position&quot;:&quot;absolute&quot;}\" data-widget_type=\"heading.default\">\n\t\t\t\t<div class=\"elementor-widget-container\">\n\t\t\t\t\t<h1 class=\"elementor-heading-title elementor-size-xl\">Sobre la Red<\/h1>\t\t\t\t<\/div>\n\t\t\t\t<\/div>\n\t\t\t\t\t<\/div>\n\t\t<\/div>\n\t\t\t\t\t<\/div>\n\t\t<\/section>\n\t\t\t\t<div class=\"elementor-element elementor-element-d7ddb4c elementor-absolute elementor-widget__width-initial elementor-widget elementor-widget-image\" data-id=\"d7ddb4c\" data-element_type=\"widget\" data-e-type=\"widget\" data-settings=\"{&quot;_position&quot;:&quot;absolute&quot;}\" data-widget_type=\"image.default\">\n\t\t\t\t<div class=\"elementor-widget-container\">\n\t\t\t\t\t\t\t\t\t\t\t\t\t\t\t<img fetchpriority=\"high\" decoding=\"async\" width=\"484\" height=\"312\" src=\"https:\/\/redinfanciasfio.org\/wp-content\/uploads\/2022\/11\/n.png\" class=\"attachment-large size-large wp-image-1554\" alt=\"\" srcset=\"https:\/\/redinfanciasfio.org\/wp-content\/uploads\/2022\/11\/n.png 484w, https:\/\/redinfanciasfio.org\/wp-content\/uploads\/2022\/11\/n-300x193.png 300w\" sizes=\"(max-width: 484px) 100vw, 484px\" \/>\t\t\t\t\t\t\t\t\t\t\t\t\t\t\t<\/div>\n\t\t\t\t<\/div>\n\t\t\t\t\t<\/div>\n\t\t<\/div>\n\t\t\t\t\t<\/div>\n\t\t<\/section>\n\t\t\t\t<section class=\"elementor-section elementor-top-section elementor-element elementor-element-d365e64 elementor-section-boxed elementor-section-height-default elementor-section-height-default\" data-id=\"d365e64\" data-element_type=\"section\" data-e-type=\"section\">\n\t\t\t\t\t\t<div class=\"elementor-container elementor-column-gap-default\">\n\t\t\t\t\t<div class=\"elementor-column elementor-col-100 elementor-top-column elementor-element elementor-element-aaccca7\" data-id=\"aaccca7\" data-element_type=\"column\" data-e-type=\"column\">\n\t\t\t<div class=\"elementor-widget-wrap elementor-element-populated\">\n\t\t\t\t\t\t<div class=\"elementor-element elementor-element-51f1a6e elementor-invisible elementor-widget elementor-widget-text-editor\" data-id=\"51f1a6e\" data-element_type=\"widget\" data-e-type=\"widget\" data-settings=\"{&quot;_animation&quot;:&quot;fadeIn&quot;}\" data-widget_type=\"text-editor.default\">\n\t\t\t\t<div class=\"elementor-widget-container\">\n\t\t\t\t\t\t\t\t\t<p>El 23 y 24 de junio de 2008 se reunieron en la ciudad de Panam\u00e1 representantes de la Adjunt\u00eda para la Ni\u00f1ez y Adolescencia de la Defensor\u00eda del Pueblo de Per\u00fa, de la Procuradur\u00eda para la Defensa de los Derechos Humanos de El Salvador, de la Unidad de Ni\u00f1ez y Juventud de la Defensor\u00eda del Pueblo de Panam\u00e1 y, en calidad de observadora, una representante de la Oficina Regional para Am\u00e9rica Latina y el Caribe de UNICEF .Como resultado de esta reuni\u00f3n se elaboraron una propuesta de estatuto, el plan de trabajo de la secretar\u00eda pro tempore y una nota para la doctora Beatriz Merino Lucero, Defensora del Pueblo de Per\u00fa, con el fin de que sea la portadora de la iniciativa de la constituci\u00f3n de la Red ante la Asamblea general de la FIO.<\/p><p>El 20 de abril de 2009, el entonces secretario t\u00e9cnico de la FIO, Dr. Javier Moctezuma Barrag\u00e1n dirigi\u00f3 una carta a los miembros de la Red solicitando el envi\u00f3 de un plan de trabajo con el objetivo de ser presentado ante el Consejo Rector y, posteriormente, a la Presidencia.<\/p><p>Los d\u00edas 7 y 8 de diciembre de 2009, invitados por el Instituto Interamericano del Ni\u00f1o, la Ni\u00f1a y Adolescentes (IIN), se reunieron en la Ciudad de Panam\u00e1 representantes de diversas Defensor\u00edas del Pueblo de Iberoam\u00e9rica. En esa reuni\u00f3n se discuti\u00f3 la importancia de retomar el proceso de creaci\u00f3n de una red tem\u00e1tica de defensor\u00eda de la ni\u00f1ez y adolescencia con el fin de coordinar y fortalecer la promoci\u00f3n y protecci\u00f3n de los derechos humanos de la ni\u00f1ez y la adolescencia desde una perspectiva de derechos acorde a la Convenci\u00f3n sobre los Derechos del Ni\u00f1o. Como parte de los acuerdos tomados por los representantes de las Defensor\u00edas del Pueblo que asistieron a dicha reuni\u00f3n (Bolivia, Brasil, Colombia, Costa Rica, Ecuador, El Salvador, Guatemala, M\u00e9xico, Panam\u00e1 y Per\u00fa) se estableci\u00f3 que era necesario solicitar a la FIO que se retome y fortalezca el proceso de conformaci\u00f3n de dicha red.<\/p><p>Durante el 8 y 9 de noviembre en Quito, Ecuador, una vez m\u00e1s, el Instituto Interamericano del Ni\u00f1o, la Ni\u00f1a y Adolescentes promovi\u00f3 un nuevo encuentro, entre representantes de las diversas oficinas especializadas en ni\u00f1ez y adolescencia de las Defensor\u00edas del Pueblo de Iberoam\u00e9rica. Uno de los objetivos de esta reuni\u00f3n fue revisar la propuesta de plan de trabajo presentada por la Defensor\u00eda del Pueblo de Per\u00fa y aprobarla para su presentaci\u00f3n ante el Consejo Rector de la FIO.<\/p>\t\t\t\t\t\t\t\t<\/div>\n\t\t\t\t<\/div>\n\t\t\t\t\t<\/div>\n\t\t<\/div>\n\t\t\t\t\t<\/div>\n\t\t<\/section>\n\t\t\t\t<\/div>\n\t\t","protected":false},"excerpt":{"rendered":"<p>Seg\u00fan lo establecido en el Estatuto de la Federaci\u00f3n Iberoamericana de Defensores del Pueblo, Procuradores, Proveedores, Comisionados y Presidentes de Comisiones P\u00fablicas de Derechos Humanos, o Federaci\u00f3n Iberoamericana de Ombudsman(FIO), en su cap\u00edtulo III, de la Organizaci\u00f3n \u2013Art\u00edculo 19. Redes de trabajo tem\u00e1tico: La FIO, con el fin de potenciar y optimizar la realizaci\u00f3n de [&hellip;]<\/p>\n","protected":false},"author":2,"featured_media":0,"parent":0,"menu_order":0,"comment_status":"closed","ping_status":"closed","template":"","meta":{"footnotes":""},"class_list":["post-259","page","type-page","status-publish","hentry"],"yoast_head":"<!-- This site is optimized with the Yoast SEO plugin v23.7 - https:\/\/yoast.com\/wordpress\/plugins\/seo\/ -->\n<title>Sobre la Red - redinfanciasfio<\/title>\n<meta name=\"robots\" content=\"index, follow, max-snippet:-1, max-image-preview:large, max-video-preview:-1\" \/>\n<link rel=\"canonical\" href=\"https:\/\/redinfanciasfio.org\/index.php\/sobre-la-red\/\" \/>\n<meta property=\"og:locale\" content=\"es_MX\" \/>\n<meta property=\"og:type\" content=\"article\" \/>\n<meta property=\"og:title\" content=\"Sobre la Red - redinfanciasfio\" \/>\n<meta property=\"og:description\" content=\"Seg\u00fan lo establecido en el Estatuto de la Federaci\u00f3n Iberoamericana de Defensores del Pueblo, Procuradores, Proveedores, Comisionados y Presidentes de Comisiones P\u00fablicas de Derechos Humanos, o Federaci\u00f3n Iberoamericana de Ombudsman(FIO), en su cap\u00edtulo III, de la Organizaci\u00f3n \u2013Art\u00edculo 19. Redes de trabajo tem\u00e1tico: La FIO, con el fin de potenciar y optimizar la realizaci\u00f3n de [&hellip;]\" \/>\n<meta property=\"og:url\" content=\"https:\/\/redinfanciasfio.org\/index.php\/sobre-la-red\/\" \/>\n<meta property=\"og:site_name\" content=\"redinfanciasfio\" \/>\n<meta property=\"article:modified_time\" content=\"2024-10-07T18:09:23+00:00\" \/>\n<meta property=\"og:image\" content=\"http:\/\/redinfanciasfio.org\/wp-content\/uploads\/2022\/11\/n.png\" \/>\n<meta name=\"twitter:card\" content=\"summary_large_image\" \/>\n<meta name=\"twitter:label1\" content=\"Tiempo de lectura\" \/>\n\t<meta name=\"twitter:data1\" content=\"4 minutos\" \/>\n<script type=\"application\/ld+json\" class=\"yoast-schema-graph\">{\"@context\":\"https:\/\/schema.org\",\"@graph\":[{\"@type\":\"WebPage\",\"@id\":\"https:\/\/redinfanciasfio.org\/index.php\/sobre-la-red\/\",\"url\":\"https:\/\/redinfanciasfio.org\/index.php\/sobre-la-red\/\",\"name\":\"Sobre la Red - redinfanciasfio\",\"isPartOf\":{\"@id\":\"https:\/\/redinfanciasfio.org\/#website\"},\"primaryImageOfPage\":{\"@id\":\"https:\/\/redinfanciasfio.org\/index.php\/sobre-la-red\/#primaryimage\"},\"image\":{\"@id\":\"https:\/\/redinfanciasfio.org\/index.php\/sobre-la-red\/#primaryimage\"},\"thumbnailUrl\":\"http:\/\/redinfanciasfio.org\/wp-content\/uploads\/2022\/11\/n.png\",\"datePublished\":\"2021-09-09T16:02:30+00:00\",\"dateModified\":\"2024-10-07T18:09:23+00:00\",\"breadcrumb\":{\"@id\":\"https:\/\/redinfanciasfio.org\/index.php\/sobre-la-red\/#breadcrumb\"},\"inLanguage\":\"es\",\"potentialAction\":[{\"@type\":\"ReadAction\",\"target\":[\"https:\/\/redinfanciasfio.org\/index.php\/sobre-la-red\/\"]}]},{\"@type\":\"ImageObject\",\"inLanguage\":\"es\",\"@id\":\"https:\/\/redinfanciasfio.org\/index.php\/sobre-la-red\/#primaryimage\",\"url\":\"http:\/\/redinfanciasfio.org\/wp-content\/uploads\/2022\/11\/n.png\",\"contentUrl\":\"http:\/\/redinfanciasfio.org\/wp-content\/uploads\/2022\/11\/n.png\"},{\"@type\":\"BreadcrumbList\",\"@id\":\"https:\/\/redinfanciasfio.org\/index.php\/sobre-la-red\/#breadcrumb\",\"itemListElement\":[{\"@type\":\"ListItem\",\"position\":1,\"name\":\"Inicio\",\"item\":\"https:\/\/redinfanciasfio.org\/\"},{\"@type\":\"ListItem\",\"position\":2,\"name\":\"Sobre la Red\"}]},{\"@type\":\"WebSite\",\"@id\":\"https:\/\/redinfanciasfio.org\/#website\",\"url\":\"https:\/\/redinfanciasfio.org\/\",\"name\":\"red infancias fio\",\"description\":\"Red de Ni\u00f1ez y Adolescencia\",\"publisher\":{\"@id\":\"https:\/\/redinfanciasfio.org\/#organization\"},\"potentialAction\":[{\"@type\":\"SearchAction\",\"target\":{\"@type\":\"EntryPoint\",\"urlTemplate\":\"https:\/\/redinfanciasfio.org\/?s={search_term_string}\"},\"query-input\":{\"@type\":\"PropertyValueSpecification\",\"valueRequired\":true,\"valueName\":\"search_term_string\"}}],\"inLanguage\":\"es\"},{\"@type\":\"Organization\",\"@id\":\"https:\/\/redinfanciasfio.org\/#organization\",\"name\":\"Red Ni\u00f1ez y Adolescencias de la Federaci\u00f3n Iberoamericana del Ombudsman\",\"url\":\"https:\/\/redinfanciasfio.org\/\",\"logo\":{\"@type\":\"ImageObject\",\"inLanguage\":\"es\",\"@id\":\"https:\/\/redinfanciasfio.org\/#\/schema\/logo\/image\/\",\"url\":\"https:\/\/redinfanciasfio.org\/wp-content\/uploads\/2023\/06\/cropped-logo-wordpress.jpg\",\"contentUrl\":\"https:\/\/redinfanciasfio.org\/wp-content\/uploads\/2023\/06\/cropped-logo-wordpress.jpg\",\"width\":300,\"height\":199,\"caption\":\"Red Ni\u00f1ez y Adolescencias de la Federaci\u00f3n Iberoamericana del Ombudsman\"},\"image\":{\"@id\":\"https:\/\/redinfanciasfio.org\/#\/schema\/logo\/image\/\"}}]}<\/script>\n<!-- \/ Yoast SEO plugin. -->","yoast_head_json":{"title":"Sobre la Red - redinfanciasfio","robots":{"index":"index","follow":"follow","max-snippet":"max-snippet:-1","max-image-preview":"max-image-preview:large","max-video-preview":"max-video-preview:-1"},"canonical":"https:\/\/redinfanciasfio.org\/index.php\/sobre-la-red\/","og_locale":"es_MX","og_type":"article","og_title":"Sobre la Red - redinfanciasfio","og_description":"Seg\u00fan lo establecido en el Estatuto de la Federaci\u00f3n Iberoamericana de Defensores del Pueblo, Procuradores, Proveedores, Comisionados y Presidentes de Comisiones P\u00fablicas de Derechos Humanos, o Federaci\u00f3n Iberoamericana de Ombudsman(FIO), en su cap\u00edtulo III, de la Organizaci\u00f3n \u2013Art\u00edculo 19. Redes de trabajo tem\u00e1tico: La FIO, con el fin de potenciar y optimizar la realizaci\u00f3n de [&hellip;]","og_url":"https:\/\/redinfanciasfio.org\/index.php\/sobre-la-red\/","og_site_name":"redinfanciasfio","article_modified_time":"2024-10-07T18:09:23+00:00","og_image":[{"url":"http:\/\/redinfanciasfio.org\/wp-content\/uploads\/2022\/11\/n.png"}],"twitter_card":"summary_large_image","twitter_misc":{"Tiempo de lectura":"4 minutos"},"schema":{"@context":"https:\/\/schema.org","@graph":[{"@type":"WebPage","@id":"https:\/\/redinfanciasfio.org\/index.php\/sobre-la-red\/","url":"https:\/\/redinfanciasfio.org\/index.php\/sobre-la-red\/","name":"Sobre la Red - redinfanciasfio","isPartOf":{"@id":"https:\/\/redinfanciasfio.org\/#website"},"primaryImageOfPage":{"@id":"https:\/\/redinfanciasfio.org\/index.php\/sobre-la-red\/#primaryimage"},"image":{"@id":"https:\/\/redinfanciasfio.org\/index.php\/sobre-la-red\/#primaryimage"},"thumbnailUrl":"http:\/\/redinfanciasfio.org\/wp-content\/uploads\/2022\/11\/n.png","datePublished":"2021-09-09T16:02:30+00:00","dateModified":"2024-10-07T18:09:23+00:00","breadcrumb":{"@id":"https:\/\/redinfanciasfio.org\/index.php\/sobre-la-red\/#breadcrumb"},"inLanguage":"es","potentialAction":[{"@type":"ReadAction","target":["https:\/\/redinfanciasfio.org\/index.php\/sobre-la-red\/"]}]},{"@type":"ImageObject","inLanguage":"es","@id":"https:\/\/redinfanciasfio.org\/index.php\/sobre-la-red\/#primaryimage","url":"http:\/\/redinfanciasfio.org\/wp-content\/uploads\/2022\/11\/n.png","contentUrl":"http:\/\/redinfanciasfio.org\/wp-content\/uploads\/2022\/11\/n.png"},{"@type":"BreadcrumbList","@id":"https:\/\/redinfanciasfio.org\/index.php\/sobre-la-red\/#breadcrumb","itemListElement":[{"@type":"ListItem","position":1,"name":"Inicio","item":"https:\/\/redinfanciasfio.org\/"},{"@type":"ListItem","position":2,"name":"Sobre la Red"}]},{"@type":"WebSite","@id":"https:\/\/redinfanciasfio.org\/#website","url":"https:\/\/redinfanciasfio.org\/","name":"red infancias fio","description":"Red de Ni\u00f1ez y Adolescencia","publisher":{"@id":"https:\/\/redinfanciasfio.org\/#organization"},"potentialAction":[{"@type":"SearchAction","target":{"@type":"EntryPoint","urlTemplate":"https:\/\/redinfanciasfio.org\/?s={search_term_string}"},"query-input":{"@type":"PropertyValueSpecification","valueRequired":true,"valueName":"search_term_string"}}],"inLanguage":"es"},{"@type":"Organization","@id":"https:\/\/redinfanciasfio.org\/#organization","name":"Red Ni\u00f1ez y Adolescencias de la Federaci\u00f3n Iberoamericana del Ombudsman","url":"https:\/\/redinfanciasfio.org\/","logo":{"@type":"ImageObject","inLanguage":"es","@id":"https:\/\/redinfanciasfio.org\/#\/schema\/logo\/image\/","url":"https:\/\/redinfanciasfio.org\/wp-content\/uploads\/2023\/06\/cropped-logo-wordpress.jpg","contentUrl":"https:\/\/redinfanciasfio.org\/wp-content\/uploads\/2023\/06\/cropped-logo-wordpress.jpg","width":300,"height":199,"caption":"Red Ni\u00f1ez y Adolescencias de la Federaci\u00f3n Iberoamericana del Ombudsman"},"image":{"@id":"https:\/\/redinfanciasfio.org\/#\/schema\/logo\/image\/"}}]}},"_links":{"self":[{"href":"https:\/\/redinfanciasfio.org\/index.php\/wp-json\/wp\/v2\/pages\/259","targetHints":{"allow":["GET"]}}],"collection":[{"href":"https:\/\/redinfanciasfio.org\/index.php\/wp-json\/wp\/v2\/pages"}],"about":[{"href":"https:\/\/redinfanciasfio.org\/index.php\/wp-json\/wp\/v2\/types\/page"}],"author":[{"embeddable":true,"href":"https:\/\/redinfanciasfio.org\/index.php\/wp-json\/wp\/v2\/users\/2"}],"replies":[{"embeddable":true,"href":"https:\/\/redinfanciasfio.org\/index.php\/wp-json\/wp\/v2\/comments?post=259"}],"version-history":[{"count":48,"href":"https:\/\/redinfanciasfio.org\/index.php\/wp-json\/wp\/v2\/pages\/259\/revisions"}],"predecessor-version":[{"id":2052,"href":"https:\/\/redinfanciasfio.org\/index.php\/wp-json\/wp\/v2\/pages\/259\/revisions\/2052"}],"wp:attachment":[{"href":"https:\/\/redinfanciasfio.org\/index.php\/wp-json\/wp\/v2\/media?parent=259"}],"curies":[{"name":"wp","href":"https:\/\/api.w.org\/{rel}","templated":true}]}}